{"id":14535,"date":"2025-01-24T14:54:26","date_gmt":"2025-01-24T13:54:26","guid":{"rendered":"https:\/\/www.lessmess.storage\/dla-mediow\/"},"modified":"2025-02-05T10:27:58","modified_gmt":"2025-02-05T09:27:58","slug":"pro-tisk","status":"publish","type":"page","link":"https:\/\/www.lessmess.storage\/cs\/pro-tisk\/","title":{"rendered":"Pro tisk"},"content":{"rendered":"<div class=\"wpb-content-wrapper\">[vc_row][vc_column][\/vc_column][\/vc_row][vc_row][vc_column width=&#8220;1\/2&#8243;][mk_padding_divider size=&#8220;65&#8243;][mk_image src=&#8220;https:\/\/www.lessmess.storage\/wp-content\/uploads\/2024\/08\/self_storage18.jpg&#8220; image_size=&#8220;full&#8220; margin_bottom=&#8220;25&#8243; animation=&#8220;top-to-bottom&#8220;][\/vc_column][vc_column width=&#8220;1\/2&#8243;][mk_padding_divider size=&#8220;65&#8243;][mk_fancy_title font_family=&#8220;none&#8220;]\n<h1><span data-teams=\"true\">Pro tisk<\/span><\/h1>\n[\/mk_fancy_title][vc_column_text css=&#8220;.vc_custom_1738678134288{margin-bottom: 0px !important;}&#8220;]\n<h4><span data-teams=\"true\">Kontakt pro tisk:<\/span><\/h4>\n[\/vc_column_text][mk_contact_info email=&#8220;marketing@lessmess.storage&#8220; person=&#8220;Marketingov\u00e9 odd\u011blen\u00ed&#8220;][vc_column_text css=&#8220;.vc_custom_1738678158296{margin-bottom: 0px !important;}&#8220;]\n<h4><span data-teams=\"true\">Na\u0161e soci\u00e1ln\u00ed s\u00edt\u011b:<\/span><\/h4>\n[\/vc_column_text][mk_social_networks size=&#8220;large&#8220; margin=&#8220;10&#8243; icon_color=&#8220;#ed1c24&#8243; icon_hover_color=&#8220;#c2262d&#8220; facebook=&#8220;facebook.com\/lessmess.cz&#8220; pinterest=&#8220;https:\/\/pl.pinterest.com\/lessmessstorage\/&#8220; instagram=&#8220;instagram.com\/lessmess.storage.cz&#8220; linkedin=&#8220;https:\/\/www.linkedin.com\/company\/4864052&#8243; youtube=&#8220;https:\/\/www.youtube.com\/c\/Lessmess-storage&#8220;][\/vc_column][\/vc_row][vc_row css=&#8220;.vc_custom_1737729599423{background-color: #FFFFFF !important;}&#8220;][vc_column][vc_column_text css=&#8220;.vc_custom_1738678199585{margin-bottom: 0px !important;}&#8220;]\n<h4><span data-teams=\"true\">Ke sta\u017een\u00ed:<\/span><\/h4>\n[\/vc_column_text][mk_padding_divider size=&#8220;20&#8243;][\/vc_column][\/vc_row][vc_row][vc_column width=&#8220;1\/4&#8243;][mk_button dimension=&#8220;flat&#8220; corner_style=&#8220;full_rounded&#8220; size=&#8220;medium&#8220; icon=&#8220;mk-moon-download-3&#8243; icon_anim=&#8220;side&#8220; url=&#8220;https:\/\/www.lessmess.storage\/wp-content\/uploads\/2025\/02\/logo.zip&#8220; align=&#8220;center&#8220;]Loga[\/mk_button][\/vc_column][vc_column width=&#8220;1\/4&#8243;][mk_button dimension=&#8220;flat&#8220; corner_style=&#8220;full_rounded&#8220; size=&#8220;medium&#8220; icon=&#8220;mk-moon-download-3&#8243; icon_anim=&#8220;side&#8220; url=&#8220;https:\/\/www.lessmess.storage\/wp-content\/uploads\/2025\/02\/pictures.zip&#8220; align=&#8220;center&#8220;]Fotografie[\/mk_button][\/vc_column][vc_column width=&#8220;1\/4&#8243;][mk_button dimension=&#8220;flat&#8220; corner_style=&#8220;full_rounded&#8220; size=&#8220;medium&#8220; icon=&#8220;mk-moon-download-3&#8243; icon_anim=&#8220;side&#8220; url=&#8220;https:\/\/www.lessmess.storage\/wp-content\/uploads\/2025\/02\/lessmessstorage_kdo-jsme-1.pdf&#8220; align=&#8220;center&#8220;]O n\u00e1s[\/mk_button][\/vc_column][\/vc_row][vc_row css=&#8220;.vc_custom_1737729599423{background-color: #FFFFFF !important;}&#8220;][vc_column][mk_padding_divider size=&#8220;30&#8243;][\/vc_column][\/vc_row][vc_row disable_element=&#8220;yes&#8220;][vc_column][mk_padding_divider size=&#8220;20&#8243;][mk_fancy_title font_family=&#8220;none&#8220;]\n<h4>Aktualno\u015bci &#8211; noty prasowe<\/h4>\n[\/mk_fancy_title][\/vc_column][\/vc_row][vc_row disable_element=&#8220;yes&#8220;][vc_column width=&#8220;1\/4&#8243;][vc_column_text css=&#8220;.vc_custom_1737731232484{margin-bottom: 0px !important;}&#8220;]\n<p style=\"text-align: left;\">Warszawa, dn. 17.05.2024 r.<\/p>\n[\/vc_column_text][vc_single_image image=&#8220;12457&#8243; img_size=&#8220;large&#8220; css=&#8220;&#8220;][\/vc_column][vc_column width=&#8220;1\/2&#8243;][vc_column_text css=&#8220;.vc_custom_1737731166522{margin-bottom: 0px !important;}&#8220;]\n<h4>W pobili\u017cu Lotniska Chopina powstaje flagowy oddzia\u0142 Less Mess Storage<\/h4>\n<p>Dzisiaj odby\u0142a si\u0119 uroczysto\u015b\u0107 wmurowania kamienia w\u0119gielnego pod flagow\u0105 inwestycj\u0119 Less Mess Poleczki. To ju\u017c 4 rozpocz\u0119ta budowa, kt\u00f3r\u0105 Less Mess Storage og\u0142osi\u0142 w tym roku, co jest wynikiem konsekwentnego rozwoju i d\u0105\u017cenia do umocnienia pozycji lidera w bran\u017cy self storage na rynku polskim i czeskim. Zako\u0144czenie budowy planowane jest na koniec drugiego kwarta\u0142u przysz\u0142ego roku.[\/vc_column_text][\/vc_column][vc_column width=&#8220;1\/4&#8243;][mk_button dimension=&#8220;flat&#8220; corner_style=&#8220;full_rounded&#8220; size=&#8220;medium&#8220; icon=&#8220;mk-moon-download-3&#8243; icon_anim=&#8220;side&#8220;]Pobierz not\u0119 prasow\u0105[\/mk_button][mk_button dimension=&#8220;flat&#8220; corner_style=&#8220;full_rounded&#8220; size=&#8220;medium&#8220; icon=&#8220;mk-moon-download-3&#8243; icon_anim=&#8220;side&#8220;]Pobierz zdj\u0119cia[\/mk_button][\/vc_column][\/vc_row][vc_row disable_element=&#8220;yes&#8220;][vc_column][vc_separator css=&#8220;&#8220;][\/vc_column][\/vc_row][vc_row disable_element=&#8220;yes&#8220;][vc_column][mk_fancy_title font_family=&#8220;none&#8220;]\n<h4>Kadra zarz\u0105dzaj\u0105ca<\/h4>\n[\/mk_fancy_title][\/vc_column][\/vc_row]\n<\/div>","protected":false},"excerpt":{"rendered":"<p>[vc_row][vc_column][\/vc_column][\/vc_row][vc_row][vc_column width=&#8220;1\/2&#8243;][mk_padding_divider size=&#8220;65&#8243;][mk_image src=&#8220;https:\/\/www.lessmess.storage\/wp-content\/uploads\/2024\/08\/self_storage18.jpg&#8220; image_size=&#8220;full&#8220; margin_bottom=&#8220;25&#8243; animation=&#8220;top-to-bottom&#8220;][\/vc_column][vc_column width=&#8220;1\/2&#8243;][mk_padding_divider size=&#8220;65&#8243;][mk_fancy_title font_family=&#8220;none&#8220;] Pro tisk [\/mk_fancy_title][vc_column_text css=&#8220;.vc_custom_1738678134288{margin-bottom: 0px !important;}&#8220;] Kontakt pro tisk: [\/vc_column_text][mk_contact_info email=&#8220;marketing@lessmess.storage&#8220; person=&#8220;Marketingov\u00e9 odd\u011blen\u00ed&#8220;][vc_column_text css=&#8220;.vc_custom_1738678158296{margin-bottom: 0px !important;}&#8220;] Na\u0161e soci\u00e1ln\u00ed s\u00edt\u011b: [\/vc_column_text][mk_social_networks size=&#8220;large&#8220; margin=&#8220;10&#8243; icon_color=&#8220;#ed1c24&#8243; icon_hover_color=&#8220;#c2262d&#8220; facebook=&#8220;facebook.com\/lessmess.cz&#8220; pinterest=&#8220;https:\/\/pl.pinterest.com\/lessmessstorage\/&#8220; instagram=&#8220;instagram.com\/lessmess.storage.cz&#8220; linkedin=&#8220;https:\/\/www.linkedin.com\/company\/4864052&#8243; youtube=&#8220;https:\/\/www.youtube.com\/c\/Lessmess-storage&#8220;][\/vc_column][\/vc_row][vc_row css=&#8220;.vc_custom_1737729599423{background-color: #FFFFFF !important;}&#8220;][vc_column][vc_column_text css=&#8220;.vc_custom_1738678199585{margin-bottom: 0px !important;}&#8220;] Ke sta\u017een\u00ed: [\/vc_column_text][mk_padding_divider size=&#8220;20&#8243;][\/vc_column][\/vc_row][vc_row][vc_column width=&#8220;1\/4&#8243;][mk_button dimension=&#8220;flat&#8220; corner_style=&#8220;full_rounded&#8220; size=&#8220;medium&#8220; icon=&#8220;mk-moon-download-3&#8243; icon_anim=&#8220;side&#8220; [&hellip;]<\/p>\n","protected":false},"author":14,"featured_media":0,"parent":0,"menu_order":0,"comment_status":"closed","ping_status":"closed","template":"","meta":{"footnotes":""},"class_list":["post-14535","page","type-page","status-publish","hentry"],"yoast_head":"<!-- This site is optimized with the Yoast SEO plugin v24.8.1 - https:\/\/yoast.com\/wordpress\/plugins\/seo\/ -->\n<title>Pro tisk - Less Mess Storage - Hotel dla Twoich rzeczy!<\/title>\n<meta name=\"description\" content=\"Materia\u0142y informacyjne dla medi\u00f3w. Noty prasowe dotycz\u0105ce firmy Less Mess Storage. Logotypy do pobrania.\" \/>\n<meta name=\"robots\" content=\"index, follow, max-snippet:-1, max-image-preview:large, max-video-preview:-1\" \/>\n<link rel=\"canonical\" href=\"https:\/\/www.lessmess.storage\/cs\/pro-tisk\/\" \/>\n<meta property=\"og:locale\" content=\"cs_CZ\" \/>\n<meta property=\"og:type\" content=\"article\" \/>\n<meta property=\"og:title\" content=\"Pro tisk - Less Mess Storage - Hotel dla Twoich rzeczy!\" \/>\n<meta property=\"og:description\" content=\"Materia\u0142y informacyjne dla medi\u00f3w. Noty prasowe dotycz\u0105ce firmy Less Mess Storage. Logotypy do pobrania.\" \/>\n<meta property=\"og:url\" content=\"https:\/\/www.lessmess.storage\/cs\/pro-tisk\/\" \/>\n<meta property=\"og:site_name\" content=\"Less Mess Storage - Hotel dla Twoich rzeczy!\" \/>\n<meta property=\"article:modified_time\" content=\"2025-02-05T09:27:58+00:00\" \/>\n<meta name=\"twitter:card\" content=\"summary_large_image\" \/>\n<meta name=\"twitter:label1\" content=\"Odhadovan\u00e1 doba \u010dten\u00ed\" \/>\n\t<meta name=\"twitter:data1\" content=\"3 minuty\" \/>\n<script type=\"application\/ld+json\" class=\"yoast-schema-graph\">{\"@context\":\"https:\/\/schema.org\",\"@graph\":[{\"@type\":\"WebPage\",\"@id\":\"https:\/\/www.lessmess.storage\/cs\/pro-tisk\/\",\"url\":\"https:\/\/www.lessmess.storage\/cs\/pro-tisk\/\",\"name\":\"Pro tisk - Less Mess Storage - Hotel dla Twoich rzeczy!\",\"isPartOf\":{\"@id\":\"https:\/\/www.lessmess.storage\/#website\"},\"datePublished\":\"2025-01-24T13:54:26+00:00\",\"dateModified\":\"2025-02-05T09:27:58+00:00\",\"description\":\"Materia\u0142y informacyjne dla medi\u00f3w. Noty prasowe dotycz\u0105ce firmy Less Mess Storage. Logotypy do pobrania.\",\"breadcrumb\":{\"@id\":\"https:\/\/www.lessmess.storage\/cs\/pro-tisk\/#breadcrumb\"},\"inLanguage\":\"cs\",\"potentialAction\":[{\"@type\":\"ReadAction\",\"target\":[\"https:\/\/www.lessmess.storage\/cs\/pro-tisk\/\"]}]},{\"@type\":\"BreadcrumbList\",\"@id\":\"https:\/\/www.lessmess.storage\/cs\/pro-tisk\/#breadcrumb\",\"itemListElement\":[{\"@type\":\"ListItem\",\"position\":1,\"name\":\"Strona g\u0142\u00f3wna\",\"item\":\"https:\/\/www.lessmess.storage\/cs\/\"},{\"@type\":\"ListItem\",\"position\":2,\"name\":\"Pro tisk\"}]},{\"@type\":\"WebSite\",\"@id\":\"https:\/\/www.lessmess.storage\/#website\",\"url\":\"https:\/\/www.lessmess.storage\/\",\"name\":\"Less Mess Storage - Hotel dla Twoich rzeczy!\",\"description\":\"Self Storage, mini magazyny samoobs\u0142ugowe do wynaj\u0119cia Warszawa, Krak\u00f3w, Wroc\u0142aw, Pozna\u0144.\",\"potentialAction\":[{\"@type\":\"SearchAction\",\"target\":{\"@type\":\"EntryPoint\",\"urlTemplate\":\"https:\/\/www.lessmess.storage\/?s={search_term_string}\"},\"query-input\":{\"@type\":\"PropertyValueSpecification\",\"valueRequired\":true,\"valueName\":\"search_term_string\"}}],\"inLanguage\":\"cs\"}]}<\/script>\n<!-- \/ Yoast SEO plugin. -->","yoast_head_json":{"title":"Pro tisk - Less Mess Storage - Hotel dla Twoich rzeczy!","description":"Materia\u0142y informacyjne dla medi\u00f3w. Noty prasowe dotycz\u0105ce firmy Less Mess Storage. Logotypy do pobrania.","robots":{"index":"index","follow":"follow","max-snippet":"max-snippet:-1","max-image-preview":"max-image-preview:large","max-video-preview":"max-video-preview:-1"},"canonical":"https:\/\/www.lessmess.storage\/cs\/pro-tisk\/","og_locale":"cs_CZ","og_type":"article","og_title":"Pro tisk - Less Mess Storage - Hotel dla Twoich rzeczy!","og_description":"Materia\u0142y informacyjne dla medi\u00f3w. Noty prasowe dotycz\u0105ce firmy Less Mess Storage. Logotypy do pobrania.","og_url":"https:\/\/www.lessmess.storage\/cs\/pro-tisk\/","og_site_name":"Less Mess Storage - Hotel dla Twoich rzeczy!","article_modified_time":"2025-02-05T09:27:58+00:00","twitter_card":"summary_large_image","twitter_misc":{"Odhadovan\u00e1 doba \u010dten\u00ed":"3 minuty"},"schema":{"@context":"https:\/\/schema.org","@graph":[{"@type":"WebPage","@id":"https:\/\/www.lessmess.storage\/cs\/pro-tisk\/","url":"https:\/\/www.lessmess.storage\/cs\/pro-tisk\/","name":"Pro tisk - Less Mess Storage - Hotel dla Twoich rzeczy!","isPartOf":{"@id":"https:\/\/www.lessmess.storage\/#website"},"datePublished":"2025-01-24T13:54:26+00:00","dateModified":"2025-02-05T09:27:58+00:00","description":"Materia\u0142y informacyjne dla medi\u00f3w. Noty prasowe dotycz\u0105ce firmy Less Mess Storage. Logotypy do pobrania.","breadcrumb":{"@id":"https:\/\/www.lessmess.storage\/cs\/pro-tisk\/#breadcrumb"},"inLanguage":"cs","potentialAction":[{"@type":"ReadAction","target":["https:\/\/www.lessmess.storage\/cs\/pro-tisk\/"]}]},{"@type":"BreadcrumbList","@id":"https:\/\/www.lessmess.storage\/cs\/pro-tisk\/#breadcrumb","itemListElement":[{"@type":"ListItem","position":1,"name":"Strona g\u0142\u00f3wna","item":"https:\/\/www.lessmess.storage\/cs\/"},{"@type":"ListItem","position":2,"name":"Pro tisk"}]},{"@type":"WebSite","@id":"https:\/\/www.lessmess.storage\/#website","url":"https:\/\/www.lessmess.storage\/","name":"Less Mess Storage - Hotel dla Twoich rzeczy!","description":"Self Storage, mini magazyny samoobs\u0142ugowe do wynaj\u0119cia Warszawa, Krak\u00f3w, Wroc\u0142aw, Pozna\u0144.","potentialAction":[{"@type":"SearchAction","target":{"@type":"EntryPoint","urlTemplate":"https:\/\/www.lessmess.storage\/?s={search_term_string}"},"query-input":{"@type":"PropertyValueSpecification","valueRequired":true,"valueName":"search_term_string"}}],"inLanguage":"cs"}]}},"_links":{"self":[{"href":"https:\/\/www.lessmess.storage\/cs\/wp-json\/wp\/v2\/pages\/14535","targetHints":{"allow":["GET"]}}],"collection":[{"href":"https:\/\/www.lessmess.storage\/cs\/wp-json\/wp\/v2\/pages"}],"about":[{"href":"https:\/\/www.lessmess.storage\/cs\/wp-json\/wp\/v2\/types\/page"}],"author":[{"embeddable":true,"href":"https:\/\/www.lessmess.storage\/cs\/wp-json\/wp\/v2\/users\/14"}],"replies":[{"embeddable":true,"href":"https:\/\/www.lessmess.storage\/cs\/wp-json\/wp\/v2\/comments?post=14535"}],"version-history":[{"count":5,"href":"https:\/\/www.lessmess.storage\/cs\/wp-json\/wp\/v2\/pages\/14535\/revisions"}],"predecessor-version":[{"id":14649,"href":"https:\/\/www.lessmess.storage\/cs\/wp-json\/wp\/v2\/pages\/14535\/revisions\/14649"}],"wp:attachment":[{"href":"https:\/\/www.lessmess.storage\/cs\/wp-json\/wp\/v2\/media?parent=14535"}],"curies":[{"name":"wp","href":"https:\/\/api.w.org\/{rel}","templated":true}]}}