{"id":2698,"date":"2019-05-27T13:00:40","date_gmt":"2019-05-27T11:00:40","guid":{"rendered":"https:\/\/www.lessmess.storage\/?page_id=2698"},"modified":"2025-01-31T10:55:41","modified_gmt":"2025-01-31T09:55:41","slug":"ochrana-osobnich-udaju","status":"publish","type":"page","link":"https:\/\/www.lessmess.storage\/cs\/ochrana-osobnich-udaju\/","title":{"rendered":"Ochrana osobn\u00edch \u00fadaj\u016f"},"content":{"rendered":"<div class=\"wpb-content-wrapper\">[vc_row][vc_column][mk_padding_divider size=&#8220;45&#8243;][mk_fancy_title color=&#8220;#444444&#8243; size=&#8220;36&#8243; force_font_size=&#8220;true&#8220; size_smallscreen=&#8220;36&#8243; size_tablet=&#8220;34&#8243; size_phone=&#8220;32&#8243; font_weight=&#8220;400&#8243; margin_bottom=&#8220;10&#8243; font_family=&#8220;none&#8220; align=&#8220;center&#8220;]\n<h4 id=\"tw-target-text\" class=\"tw-data-text tw-ta tw-text-medium\" dir=\"ltr\" style=\"text-align: center;\" data-placeholder=\"Translation\"><span lang=\"cs\" tabindex=\"0\">Z\u00e1sady ochrany osobn\u00edch \u00fadaj\u016f<\/span><\/h4>\n[\/mk_fancy_title][vc_column_text css=&#8220;.vc_custom_1563448828138{margin-bottom: 0px !important;}&#8220;]Less Mess Storage s.r.o.. respektuje pr\u00e1vo na soukrom\u00ed sv\u00fdch u\u017eivatel\u016f. Bude db\u00e1t o ochranu va\u0161ich osobn\u00edch \u00fadaj\u016f a pou\u017eije vhodn\u00e1 technologick\u00e1 a pr\u00e1vn\u00ed \u0159e\u0161en\u00ed, kter\u00e1 br\u00e1n\u00ed jak\u00e9mukoli poru\u0161en\u00ed soukrom\u00ed. Sna\u017e\u00edme se zajistit, aby ka\u017ed\u00fd z na\u0161ich z\u00e1kazn\u00edk\u016f, kter\u00fd vyu\u017e\u00edv\u00e1 na\u0161ich slu\u017eeb, nav\u0161t\u011bvuje na\u0161e webov\u00e9 str\u00e1nky a jak\u00fdmkoli zp\u016fsobem n\u00e1m sv\u011b\u0159uje sv\u00e9 osobn\u00ed \u00fadaje, se c\u00edtil naprosto bezpe\u010dn\u011b. Ob\u010das v\u00e1s po\u017e\u00e1d\u00e1me o va\u0161e osobn\u00ed \u00fadaje. Vyb\u00edz\u00edme v\u00e1s, abyste se sezn\u00e1mili s na\u0161imi pravidly na ochranu soukrom\u00ed.<\/p>\n<ol>\n<li>V kontaktn\u00edch formul\u00e1\u0159\u00edch v\u00e1s \u017e\u00e1d\u00e1me o poskytnut\u00ed va\u0161ich osobn\u00edch \u00fadaj\u016f, nap\u0159\u00edklad: jm\u00e9na a p\u0159\u00edjmen\u00ed, emailov\u00e9 adresy a va\u0161eho telefonn\u00edho \u010d\u00edsla. Na z\u00e1klad\u011b va\u0161eho souhlasu se s v\u00e1mi spoj\u00edme, abychom v\u00e1m p\u0159edvedli na\u0161i nab\u00eddku a poradili p\u0159i v\u00fdb\u011bru toho nejlep\u0161\u00edho \u0159e\u0161en\u00ed pro v\u00e1s.<\/li>\n<li>Pokud ve formul\u00e1\u0159i souhlas\u00edte se zas\u00edl\u00e1n\u00edm marketingov\u00fdch informac\u00ed, budeme v\u00e1s pos\u00edlat informace o na\u0161ich nov\u00fdch slu\u017eb\u00e1ch, webov\u00fdch str\u00e1nk\u00e1ch, sout\u011b\u017e\u00edch a anket\u00e1ch. Takov\u00e9 informace se pos\u00edlaj\u00ed nejv\u00fd\u0161e jednou za m\u011bs\u00edc. Upozor\u0148ujeme, \u017ee sv\u016fj souhlas m\u016f\u017eete kdykoli zru\u0161it a souhlas je dobrovoln\u00fd.<\/li>\n<li>Za \u00fa\u010delem pln\u011bn\u00ed ustanoven\u00ed smlouvy zpracov\u00e1v\u00e1me n\u00e1sleduj\u00edc\u00ed \u00fadaje: jm\u00e9no, p\u0159\u00edjmen\u00ed, bydli\u0161t\u011b, da\u0148ov\u00e9 identifika\u010dn\u00ed \u010d\u00edslo (DI\u010c), emailovou adresu, platebn\u00ed \u00fadaje. Zaji\u0161\u0165ujeme naprostou d\u016fv\u011brnost shora uveden\u00fdch \u00fadaj\u016f.<\/li>\n<li>Shroma\u017e\u010fujeme a uchov\u00e1v\u00e1me \u00fadaje, jako jsou IP adresy u\u017eivatel\u016f, cookies a \u00fadaje o prohl\u00ed\u017ee\u010di u\u017eivatele. Z\u00e1sady pou\u017e\u00edv\u00e1n\u00ed cookies jsou n\u00ed\u017ee<\/li>\n<li>Shroma\u017e\u010fujeme a uchov\u00e1v\u00e1me \u00fadaje na z\u00e1klad\u011b va\u0161eho dobrovoln\u00e9ho souhlasu nebo z ve\u0159ejn\u011b dostupn\u00fdch zdroj\u016f.<\/li>\n<li>Podle \u010dl\u00e1nku 13 Na\u0159\u00edzen\u00ed 2016\/679 Evropsk\u00e9ho parlamentu a Rady z 27. 4. 2016 o ochran\u011b fyzick\u00fdch osob v souvislosti se zpracov\u00e1v\u00e1n\u00edm osobn\u00edch \u00fadaj\u016f a o voln\u00e9m pohybu t\u011bchto \u00fadaj\u016f a o zru\u0161en\u00ed sm\u011brnice 95\/46\/EC (d\u00e1le jen: GDPR), v\u00e1m sd\u011bluji, \u017ee:\n<ol type=\"a\">\n<li>spr\u00e1vcem va\u0161ich osobn\u00edch \u00fadaj\u016f je Less Mess Storage s.r.o.. se s\u00eddlem v Praze (adresa: Argentinsk\u00e1 516\/40, 170 00 Praha 7). Dal\u0161\u00ed kontaktn\u00ed adresa je:\u00a0<a href=\"mailto:info@lessmess.cz\">info@lessmess.cz<\/a><\/li>\n<li>Va\u0161e osobn\u00ed \u00fadaje budou zpracov\u00e1v\u00e1ny na z\u00e1klad\u011b souhlasu, kter\u00fd jste poskytli \u2013 \u010dl. 6 odst. 1 p\u00edsmeno a) GDPR ohledn\u011b p\u0159edkl\u00e1d\u00e1n\u00ed nab\u00eddek Spr\u00e1vcem, \u017e\u00e1dosti na N\u00e1rodn\u00ed rejst\u0159\u00edk dluh\u016f Ekonomick\u00e9 informa\u010dn\u00ed kancel\u00e1\u0159e SA, nebo pro \u00fa\u010dely marketingu. Pokud p\u0159edlo\u017e\u00edte shora uveden\u00e9 nab\u00eddky v souvislosti s pln\u011bn\u00edm smlouvy, na kterou odkazuje bod 3, budou va\u0161e \u00fadaje zpracov\u00e1v\u00e1ny podle \u010dl. 6 odst. 1 p\u00edsmeno b) GDPR.<\/li>\n<li>Va\u0161e osobn\u00ed \u00fadaje budou zpracov\u00e1v\u00e1ny za \u00fa\u010delem pln\u011bn\u00ed n\u00e1jmu, dopravy, objedn\u00e1vek, dod\u00e1vek a dal\u0161\u00edch smluv sjednan\u00fdch se Spr\u00e1vcem, a z\u00fa\u010dtov\u00e1n\u00ed kreditn\u00edch karet \u2013 podle \u010dl. 6, odst. 1, p\u00edsmeno b) GDPR.<\/li>\n<li>Va\u0161e osobn\u00ed \u00fadaje budou tak\u00e9 zpracov\u00e1v\u00e1ny na z\u00e1klad\u011b pr\u00e1vn\u011b opodstatn\u011bn\u00e9ho z\u00e1jmu Spr\u00e1vce \u2013 podle \u010dl. 6, odst. 1 p\u00edsmeno f) GDPR, v\u010detn\u011b \u0159\u00edzen\u00ed pohled\u00e1vek v r\u00e1mci st\u00e1vaj\u00edc\u00edch pravidel t\u00fdkaj\u00edc\u00edch se majetku um\u00edst\u011bn\u00e9ho do skladu a p\u0159epraven\u00e9ho Spr\u00e1vcem.<\/li>\n<li>Va\u0161e osobn\u00ed \u00fadaje budou uchov\u00e1v\u00e1ny po dobu trv\u00e1n\u00ed shora uveden\u00e9 smlouvy a\u017e do skon\u010den\u00ed platnosti pohled\u00e1vek vypl\u00fdvaj\u00edc\u00edch z nepln\u011bn\u00ed nebo nespr\u00e1vn\u00e9ho pln\u011bn\u00ed shora uveden\u00e9 smlouvy. V\u0161echny \u00fadaje zpracov\u00e1van\u00e9 pro \u00fa\u010detn\u00ed a da\u0148ov\u00e9 \u00fa\u010dely budou Spr\u00e1vcem zpracov\u00e1v\u00e1ny po dobu 5 let, po\u010d\u00edt\u00e1no od konce kalend\u00e1\u0159n\u00edho roku, v n\u011bm\u017e vznikne da\u0148ov\u00e1 povinnost. Na z\u00e1klad\u011b shora uveden\u00e9ho v p\u0159\u00edpad\u011b pot\u0159eby zpracov\u00e1vat osobn\u00ed \u00fadaje v souvislosti s vym\u00e1h\u00e1n\u00edm pohled\u00e1vek vypl\u00fdvaj\u00edc\u00edch z nepln\u011bn\u00ed nebo nespr\u00e1vn\u00e9ho pln\u011bn\u00ed shora uveden\u00e9 smlouvy, bude Spr\u00e1vce uchov\u00e1vat va\u0161e informace a\u017e do kone\u010dn\u00e9ho z\u00e1v\u011bru \u0159\u00edzen\u00ed a\/nebo po dobu trv\u00e1n\u00ed \u0159\u00edzen\u00ed u Nejvy\u0161\u0161\u00edho soudu (NS), kter\u00e9 je veden\u00e9 na z\u00e1klad\u011b podan\u00e9 kasa\u010dn\u00ed st\u00ed\u017enosti a\/nebo dokud nevypr\u0161\u00ed pr\u00e1vo na obnoven\u00ed soudn\u00edho \u0159\u00edzen\u00ed. Po shora uveden\u00fdch lh\u016ft\u00e1ch budou \u00fadaje vymaz\u00e1ny nebo anonymizov\u00e1ny.<\/li>\n<li>Pokud jde o souhlas, na kter\u00fd odkazuje bod 3 \u2013 va\u0161e \u00fadaje budou shroma\u017e\u010fov\u00e1ny a uchov\u00e1v\u00e1ny, dokud takov\u00fd souhlas nebude zru\u0161en, nebo v p\u0159\u00edpad\u011b pr\u00e1vn\u011b opodstatn\u011bn\u00e9ho d\u016fvodu pro jeho ukon\u010den\u00ed.<\/li>\n<li>M\u00e1te pr\u00e1vo vy\u017eadovat od Spr\u00e1vce p\u0159\u00edstup k va\u0161im osobn\u00edm \u00fadaj\u016fm, pr\u00e1vo opravit je, vymazat, nebo omezit jejich zpracov\u00e1v\u00e1n\u00ed, pr\u00e1vo podat n\u00e1mitku proti zpracov\u00e1v\u00e1n\u00ed a pr\u00e1vo \u00fadaje p\u0159ed\u00e1vat, a v p\u0159\u00edpad\u011b souhlasu, na kter\u00fd odkazuje bod 3 \u2013 pr\u00e1vo kdykoli souhlas zru\u0161it.<\/li>\n<li>M\u00e1te pr\u00e1vo podat st\u00ed\u017enost u dozorov\u00e9ho org\u00e1nu.<\/li>\n<li>Poskytov\u00e1n\u00ed osobn\u00edch \u00fadaj\u016f v p\u0159\u00edpad\u011b uveden\u00e9m v bod\u011b 3 vypl\u00fdv\u00e1 z uzav\u0159en\u00e9 smlouvy nebo dohody; a t\u00edm vznik\u00e1 z\u00e1vazek poskytovat \u00fadaje. Neposkytnut\u00ed takov\u00fdch \u00fadaj\u016f povede k neschopnosti plnit uzav\u0159enou smlouvu.<\/li>\n<li>Poskytov\u00e1n\u00ed osobn\u00edch \u00fadaj\u016f v p\u0159\u00edpad\u011b uveden\u00e9m v bod\u011b 2 je dobrovoln\u00e9, av\u0161ak neposkytnut\u00ed \u00fadaj\u016f povede k nemo\u017enosti dost\u00e1vat nab\u00eddky.<\/li>\n<li>K p\u0159\u00edjemc\u016fm va\u0161ich osobn\u00edch \u00fadaj\u016f mohou pat\u0159it: pr\u00e1vn\u00ed firmy, na\u0161i subdodavatel\u00e9, v\u010detn\u011b subjekt\u016f poskytuj\u00edc\u00edch slu\u017eby IT a \u00fadr\u017ebu s\u00edt\u011b, poji\u0161\u0165ovny, doru\u010dovac\u00ed a p\u0159epravn\u00ed spole\u010dnosti, nebo dal\u0161\u00ed subjekty opr\u00e1vn\u011bn\u00e9 podle pr\u00e1vn\u00edch p\u0159edpis\u016f, v\u010detn\u011b soud\u016f, org\u00e1n\u016f zaji\u0161\u0165uj\u00edc\u00edch vym\u00e1h\u00e1n\u00ed pr\u00e1va nebo soudn\u00edch vykonavatel\u016f.<\/li>\n<\/ol>\n<\/li>\n<li>Va\u0161e osobn\u00ed \u00fadaje chr\u00e1n\u00edme nejl\u00e9pe, jak um\u00edme. Co nejpe\u010dliv\u011bji postupujeme p\u0159i zpracov\u00e1v\u00e1n\u00ed osobn\u00edch \u00fadaj\u016f, zejm\u00e9na pokud jde o prevenci poru\u0161ov\u00e1n\u00ed ze strany neopr\u00e1vn\u011bn\u00fdch fyzick\u00fdch osob, mo\u017enosti jejich ztr\u00e1ty nebo neopr\u00e1vn\u011bn\u00e9ho \u0161\u00ed\u0159en\u00ed.<\/li>\n<li>Pokud by se na\u0161e pravidla ochrany soukrom\u00ed zm\u011bnila, budou v obsahu provedeny p\u0159\u00edslu\u0161n\u00e9 \u00fapravy, o nich\u017e budeme informovat na na\u0161ich webov\u00fdch str\u00e1nk\u00e1ch.<\/li>\n<\/ol>\n[\/vc_column_text][mk_fancy_title color=&#8220;#444444&#8243; size=&#8220;36&#8243; force_font_size=&#8220;true&#8220; size_smallscreen=&#8220;36&#8243; size_tablet=&#8220;34&#8243; size_phone=&#8220;32&#8243; font_weight=&#8220;400&#8243; margin_bottom=&#8220;10&#8243; font_family=&#8220;none&#8220; align=&#8220;center&#8220;]\n<p style=\"text-align: center;\">Cookies internetov\u00e9ho prohl\u00ed\u017ee\u010de<\/p>\n[\/mk_fancy_title][vc_column_text css=&#8220;.vc_custom_1563449629034{margin-bottom: 0px !important;}&#8220;]Na\u0161e Str\u00e1nky mohou k prohlouben\u00ed z\u00e1\u017eitku U\u017eivatele pou\u017e\u00edvat \u201ecookies\u201c. Internetov\u00fd prohl\u00ed\u017ee\u010d U\u017eivatele um\u00edst\u00ed cookies na jeho pevn\u00fd disk za \u00fa\u010delem po\u0159izov\u00e1n\u00ed z\u00e1znam\u016f a ke sledov\u00e1n\u00ed informac\u00ed o U\u017eivatel\u00edch. U\u017eivatel se m\u016f\u017ee rozhodnout nastavit sv\u016fj internetov\u00fd prohl\u00ed\u017ee\u010d tak, aby cookies odm\u00edtal, a nebo aby v\u00e1s upozornil, kdy\u017e jsou cookies zasl\u00e1ny. Pokud tak u\u010din\u00ed, je t\u0159eba vz\u00edt na v\u011bdom\u00ed, \u017ee n\u011bkter\u00e9 \u010d\u00e1sti Str\u00e1nek nemus\u00ed fungovat spr\u00e1vn\u011b.[\/vc_column_text][mk_padding_divider size=&#8220;55&#8243;][\/vc_column][\/vc_row][mk_page_section vertical_align=&#8220;center&#8220; bg_gradient=&#8220;horizontal&#8220; video_color_mask=&#8220;#e62b2e&#8220; gr_end=&#8220;#c12729&#8243; video_opacity=&#8220;1&#8243; sidebar=&#8220;sidebar-1&#8243;][vc_column][mk_fancy_title color=&#8220;#ffffff&#8220; size=&#8220;32&#8243; force_font_size=&#8220;true&#8220; size_smallscreen=&#8220;32&#8243; size_tablet=&#8220;28&#8243; size_phone=&#8220;24&#8243; font_weight=&#8220;400&#8243; margin_top=&#8220;45&#8243; margin_bottom=&#8220;35&#8243; font_family=&#8220;none&#8220; align=&#8220;center&#8220;][\/mk_fancy_title][\/vc_column][\/mk_page_section]\n<\/div>","protected":false},"excerpt":{"rendered":"<p>[vc_row][vc_column][mk_padding_divider size=&#8220;45&#8243;][mk_fancy_title color=&#8220;#444444&#8243; size=&#8220;36&#8243; force_font_size=&#8220;true&#8220; size_smallscreen=&#8220;36&#8243; size_tablet=&#8220;34&#8243; size_phone=&#8220;32&#8243; font_weight=&#8220;400&#8243; margin_bottom=&#8220;10&#8243; font_family=&#8220;none&#8220; align=&#8220;center&#8220;] Z\u00e1sady ochrany osobn\u00edch \u00fadaj\u016f [\/mk_fancy_title][vc_column_text css=&#8220;.vc_custom_1563448828138{margin-bottom: 0px !important;}&#8220;]Less Mess Storage s.r.o.. respektuje pr\u00e1vo na soukrom\u00ed sv\u00fdch u\u017eivatel\u016f. Bude db\u00e1t o ochranu va\u0161ich osobn\u00edch \u00fadaj\u016f a pou\u017eije vhodn\u00e1 technologick\u00e1 a pr\u00e1vn\u00ed \u0159e\u0161en\u00ed, kter\u00e1 br\u00e1n\u00ed jak\u00e9mukoli poru\u0161en\u00ed soukrom\u00ed. Sna\u017e\u00edme se zajistit, aby ka\u017ed\u00fd z na\u0161ich [&hellip;]<\/p>\n","protected":false},"author":1,"featured_media":0,"parent":0,"menu_order":0,"comment_status":"closed","ping_status":"closed","template":"","meta":{"footnotes":""},"class_list":["post-2698","page","type-page","status-publish","hentry"],"yoast_head":"<!-- This site is optimized with the Yoast SEO plugin v24.8.1 - https:\/\/yoast.com\/wordpress\/plugins\/seo\/ -->\n<title>Ochrana osobn\u00edch \u00fadaj\u016f - Less Mess Storage - Hotel dla Twoich rzeczy!<\/title>\n<meta name=\"robots\" content=\"index, follow, max-snippet:-1, max-image-preview:large, max-video-preview:-1\" \/>\n<link rel=\"canonical\" href=\"https:\/\/www.lessmess.storage\/cs\/ochrana-osobnich-udaju\/\" \/>\n<meta property=\"og:locale\" content=\"cs_CZ\" \/>\n<meta property=\"og:type\" content=\"article\" \/>\n<meta property=\"og:title\" content=\"Ochrana osobn\u00edch \u00fadaj\u016f - Less Mess Storage - Hotel dla Twoich rzeczy!\" \/>\n<meta property=\"og:description\" content=\"[vc_row][vc_column][mk_padding_divider size=&#8220;45&#8243;][mk_fancy_title color=&#8220;#444444&#8243; size=&#8220;36&#8243; force_font_size=&#8220;true&#8220; size_smallscreen=&#8220;36&#8243; size_tablet=&#8220;34&#8243; size_phone=&#8220;32&#8243; font_weight=&#8220;400&#8243; margin_bottom=&#8220;10&#8243; font_family=&#8220;none&#8220; align=&#8220;center&#8220;] Z\u00e1sady ochrany osobn\u00edch \u00fadaj\u016f [\/mk_fancy_title][vc_column_text css=&#8220;.vc_custom_1563448828138{margin-bottom: 0px !important;}&#8220;]Less Mess Storage s.r.o.. respektuje pr\u00e1vo na soukrom\u00ed sv\u00fdch u\u017eivatel\u016f. Bude db\u00e1t o ochranu va\u0161ich osobn\u00edch \u00fadaj\u016f a pou\u017eije vhodn\u00e1 technologick\u00e1 a pr\u00e1vn\u00ed \u0159e\u0161en\u00ed, kter\u00e1 br\u00e1n\u00ed jak\u00e9mukoli poru\u0161en\u00ed soukrom\u00ed. Sna\u017e\u00edme se zajistit, aby ka\u017ed\u00fd z na\u0161ich [&hellip;]\" \/>\n<meta property=\"og:url\" content=\"https:\/\/www.lessmess.storage\/cs\/ochrana-osobnich-udaju\/\" \/>\n<meta property=\"og:site_name\" content=\"Less Mess Storage - Hotel dla Twoich rzeczy!\" \/>\n<meta property=\"article:modified_time\" content=\"2025-01-31T09:55:41+00:00\" \/>\n<meta name=\"twitter:card\" content=\"summary_large_image\" \/>\n<meta name=\"twitter:label1\" content=\"Odhadovan\u00e1 doba \u010dten\u00ed\" \/>\n\t<meta name=\"twitter:data1\" content=\"7 minut\" \/>\n<script type=\"application\/ld+json\" class=\"yoast-schema-graph\">{\"@context\":\"https:\/\/schema.org\",\"@graph\":[{\"@type\":\"WebPage\",\"@id\":\"https:\/\/www.lessmess.storage\/cs\/ochrana-osobnich-udaju\/\",\"url\":\"https:\/\/www.lessmess.storage\/cs\/ochrana-osobnich-udaju\/\",\"name\":\"Ochrana osobn\u00edch \u00fadaj\u016f - Less Mess Storage - Hotel dla Twoich rzeczy!\",\"isPartOf\":{\"@id\":\"https:\/\/www.lessmess.storage\/#website\"},\"datePublished\":\"2019-05-27T11:00:40+00:00\",\"dateModified\":\"2025-01-31T09:55:41+00:00\",\"breadcrumb\":{\"@id\":\"https:\/\/www.lessmess.storage\/cs\/ochrana-osobnich-udaju\/#breadcrumb\"},\"inLanguage\":\"cs\",\"potentialAction\":[{\"@type\":\"ReadAction\",\"target\":[\"https:\/\/www.lessmess.storage\/cs\/ochrana-osobnich-udaju\/\"]}]},{\"@type\":\"BreadcrumbList\",\"@id\":\"https:\/\/www.lessmess.storage\/cs\/ochrana-osobnich-udaju\/#breadcrumb\",\"itemListElement\":[{\"@type\":\"ListItem\",\"position\":1,\"name\":\"Strona g\u0142\u00f3wna\",\"item\":\"https:\/\/www.lessmess.storage\/cs\/\"},{\"@type\":\"ListItem\",\"position\":2,\"name\":\"Ochrana osobn\u00edch \u00fadaj\u016f\"}]},{\"@type\":\"WebSite\",\"@id\":\"https:\/\/www.lessmess.storage\/#website\",\"url\":\"https:\/\/www.lessmess.storage\/\",\"name\":\"Less Mess Storage - Hotel dla Twoich rzeczy!\",\"description\":\"Self Storage, mini magazyny samoobs\u0142ugowe do wynaj\u0119cia Warszawa, Krak\u00f3w, Wroc\u0142aw, Pozna\u0144.\",\"potentialAction\":[{\"@type\":\"SearchAction\",\"target\":{\"@type\":\"EntryPoint\",\"urlTemplate\":\"https:\/\/www.lessmess.storage\/?s={search_term_string}\"},\"query-input\":{\"@type\":\"PropertyValueSpecification\",\"valueRequired\":true,\"valueName\":\"search_term_string\"}}],\"inLanguage\":\"cs\"}]}<\/script>\n<!-- \/ Yoast SEO plugin. -->","yoast_head_json":{"title":"Ochrana osobn\u00edch \u00fadaj\u016f - Less Mess Storage - Hotel dla Twoich rzeczy!","robots":{"index":"index","follow":"follow","max-snippet":"max-snippet:-1","max-image-preview":"max-image-preview:large","max-video-preview":"max-video-preview:-1"},"canonical":"https:\/\/www.lessmess.storage\/cs\/ochrana-osobnich-udaju\/","og_locale":"cs_CZ","og_type":"article","og_title":"Ochrana osobn\u00edch \u00fadaj\u016f - Less Mess Storage - Hotel dla Twoich rzeczy!","og_description":"[vc_row][vc_column][mk_padding_divider size=&#8220;45&#8243;][mk_fancy_title color=&#8220;#444444&#8243; size=&#8220;36&#8243; force_font_size=&#8220;true&#8220; size_smallscreen=&#8220;36&#8243; size_tablet=&#8220;34&#8243; size_phone=&#8220;32&#8243; font_weight=&#8220;400&#8243; margin_bottom=&#8220;10&#8243; font_family=&#8220;none&#8220; align=&#8220;center&#8220;] Z\u00e1sady ochrany osobn\u00edch \u00fadaj\u016f [\/mk_fancy_title][vc_column_text css=&#8220;.vc_custom_1563448828138{margin-bottom: 0px !important;}&#8220;]Less Mess Storage s.r.o.. respektuje pr\u00e1vo na soukrom\u00ed sv\u00fdch u\u017eivatel\u016f. Bude db\u00e1t o ochranu va\u0161ich osobn\u00edch \u00fadaj\u016f a pou\u017eije vhodn\u00e1 technologick\u00e1 a pr\u00e1vn\u00ed \u0159e\u0161en\u00ed, kter\u00e1 br\u00e1n\u00ed jak\u00e9mukoli poru\u0161en\u00ed soukrom\u00ed. Sna\u017e\u00edme se zajistit, aby ka\u017ed\u00fd z na\u0161ich [&hellip;]","og_url":"https:\/\/www.lessmess.storage\/cs\/ochrana-osobnich-udaju\/","og_site_name":"Less Mess Storage - Hotel dla Twoich rzeczy!","article_modified_time":"2025-01-31T09:55:41+00:00","twitter_card":"summary_large_image","twitter_misc":{"Odhadovan\u00e1 doba \u010dten\u00ed":"7 minut"},"schema":{"@context":"https:\/\/schema.org","@graph":[{"@type":"WebPage","@id":"https:\/\/www.lessmess.storage\/cs\/ochrana-osobnich-udaju\/","url":"https:\/\/www.lessmess.storage\/cs\/ochrana-osobnich-udaju\/","name":"Ochrana osobn\u00edch \u00fadaj\u016f - Less Mess Storage - Hotel dla Twoich rzeczy!","isPartOf":{"@id":"https:\/\/www.lessmess.storage\/#website"},"datePublished":"2019-05-27T11:00:40+00:00","dateModified":"2025-01-31T09:55:41+00:00","breadcrumb":{"@id":"https:\/\/www.lessmess.storage\/cs\/ochrana-osobnich-udaju\/#breadcrumb"},"inLanguage":"cs","potentialAction":[{"@type":"ReadAction","target":["https:\/\/www.lessmess.storage\/cs\/ochrana-osobnich-udaju\/"]}]},{"@type":"BreadcrumbList","@id":"https:\/\/www.lessmess.storage\/cs\/ochrana-osobnich-udaju\/#breadcrumb","itemListElement":[{"@type":"ListItem","position":1,"name":"Strona g\u0142\u00f3wna","item":"https:\/\/www.lessmess.storage\/cs\/"},{"@type":"ListItem","position":2,"name":"Ochrana osobn\u00edch \u00fadaj\u016f"}]},{"@type":"WebSite","@id":"https:\/\/www.lessmess.storage\/#website","url":"https:\/\/www.lessmess.storage\/","name":"Less Mess Storage - Hotel dla Twoich rzeczy!","description":"Self Storage, mini magazyny samoobs\u0142ugowe do wynaj\u0119cia Warszawa, Krak\u00f3w, Wroc\u0142aw, Pozna\u0144.","potentialAction":[{"@type":"SearchAction","target":{"@type":"EntryPoint","urlTemplate":"https:\/\/www.lessmess.storage\/?s={search_term_string}"},"query-input":{"@type":"PropertyValueSpecification","valueRequired":true,"valueName":"search_term_string"}}],"inLanguage":"cs"}]}},"_links":{"self":[{"href":"https:\/\/www.lessmess.storage\/cs\/wp-json\/wp\/v2\/pages\/2698","targetHints":{"allow":["GET"]}}],"collection":[{"href":"https:\/\/www.lessmess.storage\/cs\/wp-json\/wp\/v2\/pages"}],"about":[{"href":"https:\/\/www.lessmess.storage\/cs\/wp-json\/wp\/v2\/types\/page"}],"author":[{"embeddable":true,"href":"https:\/\/www.lessmess.storage\/cs\/wp-json\/wp\/v2\/users\/1"}],"replies":[{"embeddable":true,"href":"https:\/\/www.lessmess.storage\/cs\/wp-json\/wp\/v2\/comments?post=2698"}],"version-history":[{"count":9,"href":"https:\/\/www.lessmess.storage\/cs\/wp-json\/wp\/v2\/pages\/2698\/revisions"}],"predecessor-version":[{"id":14491,"href":"https:\/\/www.lessmess.storage\/cs\/wp-json\/wp\/v2\/pages\/2698\/revisions\/14491"}],"wp:attachment":[{"href":"https:\/\/www.lessmess.storage\/cs\/wp-json\/wp\/v2\/media?parent=2698"}],"curies":[{"name":"wp","href":"https:\/\/api.w.org\/{rel}","templated":true}]}}