{"id":3749,"date":"2019-11-26T11:24:19","date_gmt":"2019-11-26T10:24:19","guid":{"rendered":"https:\/\/www.lessmess.storage\/?page_id=3749"},"modified":"2023-11-21T09:17:42","modified_gmt":"2023-11-21T08:17:42","slug":"fedessa-2019","status":"publish","type":"page","link":"https:\/\/www.lessmess.storage\/cs\/fedessa-2019\/","title":{"rendered":"FEDESSA 2019"},"content":{"rendered":"<div class=\"wpb-content-wrapper\">[vc_row][vc_column][vc_row_inner][vc_column_inner width=&#8220;1\/3&#8243;][mk_padding_divider size=&#8220;55&#8243; visibility=&#8220;hidden-sm&#8220;][mk_image src=&#8220;https:\/\/www.lessmess.storage\/wp-content\/uploads\/2019\/11\/fessa-page.png&#8220; image_size=&#8220;full&#8220; align=&#8220;center&#8220; margin_bottom=&#8220;45&#8243; visibility=&#8220;hidden-sm&#8220; animation=&#8220;top-to-bottom&#8220;][mk_image src=&#8220;https:\/\/www.lessmess.storage\/wp-content\/uploads\/2019\/11\/fessa-page.png&#8220; image_width=&#8220;200&#8243; image_height=&#8220;200&#8243; align=&#8220;center&#8220; margin_bottom=&#8220;-20&#8243; visibility=&#8220;visible-sm&#8220; animation=&#8220;top-to-bottom&#8220;][\/vc_column_inner][vc_column_inner width=&#8220;2\/3&#8243;][mk_padding_divider size=&#8220;45&#8243;][mk_fancy_title color=&#8220;#444444&#8243; size=&#8220;32&#8243; force_font_size=&#8220;true&#8220; size_smallscreen=&#8220;32&#8243; size_tablet=&#8220;30&#8243; size_phone=&#8220;28&#8243; font_weight=&#8220;400&#8243; margin_bottom=&#8220;0&#8243; font_family=&#8220;none&#8220;]Nejlep\u0161\u00ed sklad roku[\/mk_fancy_title][vc_column_text margin_bottom=&#8220;25&#8243; css=&#8220;.vc_custom_1574763782168{margin-bottom: 0px !important;}&#8220;]2. \u0159\u00edjna 2019 v Lond\u00fdn\u011b na evropsk\u00e9 konferenci osobn\u00edho skladov\u00e1n\u00ed, po\u0159\u00e1danou organizac\u00ed FEDESSA \u2013 Evropsk\u00e1 federace asociac\u00ed pro osobn\u00ed skladov\u00e1n\u00ed, z\u00edskala spole\u010dnost Less Mess presti\u017en\u00ed cenu \u201eNejlep\u0161\u00ed sklad roku\u201c.<\/p>\n<p>Jeden z na\u0161ich sklad\u016f ve Var\u0161av\u011b byl vyhl\u00e1\u0161en jako nejlep\u0161\u00ed, d\u00edky \u00a0sv\u00e9mu inovativn\u00edmu a modern\u00edmu designu, skv\u011bl\u00fdm z\u00e1kaznick\u00fdm slu\u017eb\u00e1m, pou\u017eit\u00fdm zelen\u00fdm technologi\u00edm a tak\u00e9 za v\u00fdraznou pomoc m\u00edstn\u00edm charitativn\u00edm organizac\u00edm.<\/p>\n<p>Less Mess Storage je prvn\u00ed a jedinou spole\u010dnost\u00ed ve st\u0159edn\u00ed a v\u00fdchodn\u00ed Evrop\u011b, kter\u00e1 obdr\u017eela toto presti\u017en\u00ed ocen\u011bn\u00ed od organizace FEDESSA.<\/p>\n<p>T\u00edmto vyznamen\u00e1n\u00edm jsme velice poct\u011bni a d\u011bkujeme na\u0161im z\u00e1kazn\u00edk\u016fm za d\u016fv\u011bru v\u00a0na\u0161e slu\u017eby.[\/vc_column_text][mk_gallery images=&#8220;3734,5824,3740&#8243; height=&#8220;300&#8243; item_spacing=&#8220;10&#8243; margin_bottom=&#8220;25&#8243; orderby=&#8220;post__in&#8220;][vc_column_text css=&#8220;.vc_custom_1616599906572{margin-bottom: 0px !important;}&#8220;]V\u00edce se dozv\u00edte na webov\u00fdch str\u00e1nk\u00e1ch FEDESSA:<br \/>\n<span style=\"color: #3366ff;\"><a style=\"color: #3366ff;\" href=\"https:\/\/www.fedessa.org\/\" target=\"_blank\" rel=\"noopener noreferrer\">https:\/\/www.fedessa.org\/<\/a><\/span>[\/vc_column_text][\/vc_column_inner][\/vc_row_inner][mk_padding_divider size=&#8220;35&#8243;][\/vc_column][\/vc_row][vc_row fullwidth=&#8220;true&#8220; parallax=&#8220;content-moving&#8220; parallax_image=&#8220;84&#8243;][vc_column][mk_padding_divider size=&#8220;135&#8243;][mk_fancy_title color=&#8220;#ffffff&#8220; size=&#8220;36&#8243; force_font_size=&#8220;true&#8220; size_smallscreen=&#8220;36&#8243; size_tablet=&#8220;34&#8243; size_phone=&#8220;32&#8243; font_weight=&#8220;400&#8243; margin_bottom=&#8220;10&#8243; font_family=&#8220;none&#8220;]\n<p style=\"text-align: center;\"><span style=\"color: #ffffff;\">Rezervujte si\u00a0sklad online<\/span><\/p>\n[\/mk_fancy_title][vc_column_text disable_pattern=&#8220;false&#8220; align=&#8220;center&#8220; margin_bottom=&#8220;15&#8243; css=&#8220;.vc_custom_1560264568437{margin-bottom: 0px !important;}&#8220;]\n<p class=\"ox-2051e896fb-ox-9666bf02bf-msonormal\" style=\"text-align: center;\" align=\"center\"><span style=\"font-size: 12.0pt; color: #70ad47;\"><span style=\"color: #ffffff;\">Bezpe\u010dn\u00e9, \u010dist\u00e9 a modern\u00ed skladovac\u00ed k\u00f3je \u2013 c\u00edlem Less Mess Storage je <\/span><br \/>\n<span style=\"color: #ffffff;\">nab\u00eddnout jen to nejlep\u0161\u00ed<\/span>. <\/span><\/p>\n<p style=\"text-align: center;\" data-placeholder=\"Translation\"><span style=\"color: #ffffff;\">Vyberte si z na\u0161\u00ed nab\u00eddky a ud\u011blejte si rezervaci online.<\/span><\/p>\n[\/vc_column_text][vc_row_inner is_fullwidth_content=&#8220;false&#8220; el_id=&#8220;lmspluginsearcher&#8220;][vc_column_inner width=&#8220;1\/4&#8243;][\/vc_column_inner][vc_column_inner width=&#8220;1\/2&#8243;][vc_raw_html]JTNDcCUyMHN0eWxlJTNEJTIydGV4dC1hbGlnbiUzQSUyMGNlbnRlciUzQiUyMiUzRSUzQ3NjcmlwdCUyMHR5cGUlM0QlMjJ0ZXh0JTJGamF2YXNjcmlwdCUyMiUzRSUyMHJ1bkFqYXglMjglMjdsbXNwbHVnaW5zZWFyY2hlciUyNyUyQyUyNyUyRnBsdWdpbiUyRnNlYXJjaGVyLnBocCUzRmxhbmclM0RjeiUyNyUyQyUyMCU3QiU3RCUyOSUzQiUyMCUzQyUyRnNjcmlwdCUzRSUzQyUyRnAlM0U=[\/vc_raw_html][\/vc_column_inner][vc_column_inner width=&#8220;1\/4&#8243;][\/vc_column_inner][\/vc_row_inner][mk_padding_divider size=&#8220;135&#8243;][\/vc_column][\/vc_row][mk_page_section vertical_align=&#8220;center&#8220; bg_gradient=&#8220;horizontal&#8220; video_color_mask=&#8220;#e62b2e&#8220; gr_end=&#8220;#c12729&#8243; video_opacity=&#8220;1&#8243; sidebar=&#8220;sidebar-1&#8243;][vc_column][mk_fancy_title color=&#8220;#ffffff&#8220; size=&#8220;32&#8243; force_font_size=&#8220;true&#8220; size_smallscreen=&#8220;32&#8243; size_tablet=&#8220;28&#8243; size_phone=&#8220;24&#8243; font_weight=&#8220;400&#8243; margin_top=&#8220;45&#8243; margin_bottom=&#8220;35&#8243; font_family=&#8220;none&#8220; align=&#8220;center&#8220;][\/mk_fancy_title][\/vc_column][\/mk_page_section]\n<\/div>","protected":false},"excerpt":{"rendered":"<p>[vc_row][vc_column][vc_row_inner][vc_column_inner width=&#8220;1\/3&#8243;][mk_padding_divider size=&#8220;55&#8243; visibility=&#8220;hidden-sm&#8220;][mk_image src=&#8220;https:\/\/www.lessmess.storage\/wp-content\/uploads\/2019\/11\/fessa-page.png&#8220; image_size=&#8220;full&#8220; align=&#8220;center&#8220; margin_bottom=&#8220;45&#8243; visibility=&#8220;hidden-sm&#8220; animation=&#8220;top-to-bottom&#8220;][mk_image src=&#8220;https:\/\/www.lessmess.storage\/wp-content\/uploads\/2019\/11\/fessa-page.png&#8220; image_width=&#8220;200&#8243; image_height=&#8220;200&#8243; align=&#8220;center&#8220; margin_bottom=&#8220;-20&#8243; visibility=&#8220;visible-sm&#8220; animation=&#8220;top-to-bottom&#8220;][\/vc_column_inner][vc_column_inner width=&#8220;2\/3&#8243;][mk_padding_divider size=&#8220;45&#8243;][mk_fancy_title color=&#8220;#444444&#8243; size=&#8220;32&#8243; force_font_size=&#8220;true&#8220; size_smallscreen=&#8220;32&#8243; size_tablet=&#8220;30&#8243; size_phone=&#8220;28&#8243; font_weight=&#8220;400&#8243; margin_bottom=&#8220;0&#8243; font_family=&#8220;none&#8220;]Nejlep\u0161\u00ed sklad roku[\/mk_fancy_title][vc_column_text margin_bottom=&#8220;25&#8243; css=&#8220;.vc_custom_1574763782168{margin-bottom: 0px !important;}&#8220;]2. \u0159\u00edjna 2019 v Lond\u00fdn\u011b na evropsk\u00e9 konferenci osobn\u00edho skladov\u00e1n\u00ed, po\u0159\u00e1danou organizac\u00ed FEDESSA \u2013 Evropsk\u00e1 federace asociac\u00ed pro osobn\u00ed skladov\u00e1n\u00ed, z\u00edskala spole\u010dnost [&hellip;]<\/p>\n","protected":false},"author":1,"featured_media":0,"parent":0,"menu_order":0,"comment_status":"closed","ping_status":"closed","template":"","meta":{"footnotes":""},"class_list":["post-3749","page","type-page","status-publish","hentry"],"yoast_head":"<!-- This site is optimized with the Yoast SEO plugin v24.8.1 - https:\/\/yoast.com\/wordpress\/plugins\/seo\/ -->\n<title>FEDESSA 2019 - Less Mess Storage - Hotel dla Twoich rzeczy!<\/title>\n<meta name=\"robots\" content=\"index, follow, max-snippet:-1, max-image-preview:large, max-video-preview:-1\" \/>\n<link rel=\"canonical\" href=\"https:\/\/www.lessmess.storage\/cs\/fedessa-2019\/\" \/>\n<meta property=\"og:locale\" content=\"cs_CZ\" \/>\n<meta property=\"og:type\" content=\"article\" \/>\n<meta property=\"og:title\" content=\"FEDESSA 2019 - Less Mess Storage - Hotel dla Twoich rzeczy!\" \/>\n<meta property=\"og:description\" content=\"[vc_row][vc_column][vc_row_inner][vc_column_inner width=&#8220;1\/3&#8243;][mk_padding_divider size=&#8220;55&#8243; visibility=&#8220;hidden-sm&#8220;][mk_image src=&#8220;https:\/\/www.lessmess.storage\/wp-content\/uploads\/2019\/11\/fessa-page.png&#8220; image_size=&#8220;full&#8220; align=&#8220;center&#8220; margin_bottom=&#8220;45&#8243; visibility=&#8220;hidden-sm&#8220; animation=&#8220;top-to-bottom&#8220;][mk_image src=&#8220;https:\/\/www.lessmess.storage\/wp-content\/uploads\/2019\/11\/fessa-page.png&#8220; image_width=&#8220;200&#8243; image_height=&#8220;200&#8243; align=&#8220;center&#8220; margin_bottom=&#8220;-20&#8243; visibility=&#8220;visible-sm&#8220; animation=&#8220;top-to-bottom&#8220;][\/vc_column_inner][vc_column_inner width=&#8220;2\/3&#8243;][mk_padding_divider size=&#8220;45&#8243;][mk_fancy_title color=&#8220;#444444&#8243; size=&#8220;32&#8243; force_font_size=&#8220;true&#8220; size_smallscreen=&#8220;32&#8243; size_tablet=&#8220;30&#8243; size_phone=&#8220;28&#8243; font_weight=&#8220;400&#8243; margin_bottom=&#8220;0&#8243; font_family=&#8220;none&#8220;]Nejlep\u0161\u00ed sklad roku[\/mk_fancy_title][vc_column_text margin_bottom=&#8220;25&#8243; css=&#8220;.vc_custom_1574763782168{margin-bottom: 0px !important;}&#8220;]2. \u0159\u00edjna 2019 v Lond\u00fdn\u011b na evropsk\u00e9 konferenci osobn\u00edho skladov\u00e1n\u00ed, po\u0159\u00e1danou organizac\u00ed FEDESSA \u2013 Evropsk\u00e1 federace asociac\u00ed pro osobn\u00ed skladov\u00e1n\u00ed, z\u00edskala spole\u010dnost [&hellip;]\" \/>\n<meta property=\"og:url\" content=\"https:\/\/www.lessmess.storage\/cs\/fedessa-2019\/\" \/>\n<meta property=\"og:site_name\" content=\"Less Mess Storage - Hotel dla Twoich rzeczy!\" \/>\n<meta property=\"article:modified_time\" content=\"2023-11-21T08:17:42+00:00\" \/>\n<meta name=\"twitter:card\" content=\"summary_large_image\" \/>\n<meta name=\"twitter:label1\" content=\"Odhadovan\u00e1 doba \u010dten\u00ed\" \/>\n\t<meta name=\"twitter:data1\" content=\"3 minuty\" \/>\n<script type=\"application\/ld+json\" class=\"yoast-schema-graph\">{\"@context\":\"https:\/\/schema.org\",\"@graph\":[{\"@type\":\"WebPage\",\"@id\":\"https:\/\/www.lessmess.storage\/cs\/fedessa-2019\/\",\"url\":\"https:\/\/www.lessmess.storage\/cs\/fedessa-2019\/\",\"name\":\"FEDESSA 2019 - Less Mess Storage - Hotel dla Twoich rzeczy!\",\"isPartOf\":{\"@id\":\"https:\/\/www.lessmess.storage\/#website\"},\"datePublished\":\"2019-11-26T10:24:19+00:00\",\"dateModified\":\"2023-11-21T08:17:42+00:00\",\"breadcrumb\":{\"@id\":\"https:\/\/www.lessmess.storage\/cs\/fedessa-2019\/#breadcrumb\"},\"inLanguage\":\"cs\",\"potentialAction\":[{\"@type\":\"ReadAction\",\"target\":[\"https:\/\/www.lessmess.storage\/cs\/fedessa-2019\/\"]}]},{\"@type\":\"BreadcrumbList\",\"@id\":\"https:\/\/www.lessmess.storage\/cs\/fedessa-2019\/#breadcrumb\",\"itemListElement\":[{\"@type\":\"ListItem\",\"position\":1,\"name\":\"Strona g\u0142\u00f3wna\",\"item\":\"https:\/\/www.lessmess.storage\/cs\/\"},{\"@type\":\"ListItem\",\"position\":2,\"name\":\"FEDESSA 2019\"}]},{\"@type\":\"WebSite\",\"@id\":\"https:\/\/www.lessmess.storage\/#website\",\"url\":\"https:\/\/www.lessmess.storage\/\",\"name\":\"Less Mess Storage - Hotel dla Twoich rzeczy!\",\"description\":\"Self Storage, mini magazyny samoobs\u0142ugowe do wynaj\u0119cia Warszawa, Krak\u00f3w, Wroc\u0142aw, Pozna\u0144.\",\"potentialAction\":[{\"@type\":\"SearchAction\",\"target\":{\"@type\":\"EntryPoint\",\"urlTemplate\":\"https:\/\/www.lessmess.storage\/?s={search_term_string}\"},\"query-input\":{\"@type\":\"PropertyValueSpecification\",\"valueRequired\":true,\"valueName\":\"search_term_string\"}}],\"inLanguage\":\"cs\"}]}<\/script>\n<!-- \/ Yoast SEO plugin. -->","yoast_head_json":{"title":"FEDESSA 2019 - Less Mess Storage - Hotel dla Twoich rzeczy!","robots":{"index":"index","follow":"follow","max-snippet":"max-snippet:-1","max-image-preview":"max-image-preview:large","max-video-preview":"max-video-preview:-1"},"canonical":"https:\/\/www.lessmess.storage\/cs\/fedessa-2019\/","og_locale":"cs_CZ","og_type":"article","og_title":"FEDESSA 2019 - Less Mess Storage - Hotel dla Twoich rzeczy!","og_description":"[vc_row][vc_column][vc_row_inner][vc_column_inner width=&#8220;1\/3&#8243;][mk_padding_divider size=&#8220;55&#8243; visibility=&#8220;hidden-sm&#8220;][mk_image src=&#8220;https:\/\/www.lessmess.storage\/wp-content\/uploads\/2019\/11\/fessa-page.png&#8220; image_size=&#8220;full&#8220; align=&#8220;center&#8220; margin_bottom=&#8220;45&#8243; visibility=&#8220;hidden-sm&#8220; animation=&#8220;top-to-bottom&#8220;][mk_image src=&#8220;https:\/\/www.lessmess.storage\/wp-content\/uploads\/2019\/11\/fessa-page.png&#8220; image_width=&#8220;200&#8243; image_height=&#8220;200&#8243; align=&#8220;center&#8220; margin_bottom=&#8220;-20&#8243; visibility=&#8220;visible-sm&#8220; animation=&#8220;top-to-bottom&#8220;][\/vc_column_inner][vc_column_inner width=&#8220;2\/3&#8243;][mk_padding_divider size=&#8220;45&#8243;][mk_fancy_title color=&#8220;#444444&#8243; size=&#8220;32&#8243; force_font_size=&#8220;true&#8220; size_smallscreen=&#8220;32&#8243; size_tablet=&#8220;30&#8243; size_phone=&#8220;28&#8243; font_weight=&#8220;400&#8243; margin_bottom=&#8220;0&#8243; font_family=&#8220;none&#8220;]Nejlep\u0161\u00ed sklad roku[\/mk_fancy_title][vc_column_text margin_bottom=&#8220;25&#8243; css=&#8220;.vc_custom_1574763782168{margin-bottom: 0px !important;}&#8220;]2. \u0159\u00edjna 2019 v Lond\u00fdn\u011b na evropsk\u00e9 konferenci osobn\u00edho skladov\u00e1n\u00ed, po\u0159\u00e1danou organizac\u00ed FEDESSA \u2013 Evropsk\u00e1 federace asociac\u00ed pro osobn\u00ed skladov\u00e1n\u00ed, z\u00edskala spole\u010dnost [&hellip;]","og_url":"https:\/\/www.lessmess.storage\/cs\/fedessa-2019\/","og_site_name":"Less Mess Storage - Hotel dla Twoich rzeczy!","article_modified_time":"2023-11-21T08:17:42+00:00","twitter_card":"summary_large_image","twitter_misc":{"Odhadovan\u00e1 doba \u010dten\u00ed":"3 minuty"},"schema":{"@context":"https:\/\/schema.org","@graph":[{"@type":"WebPage","@id":"https:\/\/www.lessmess.storage\/cs\/fedessa-2019\/","url":"https:\/\/www.lessmess.storage\/cs\/fedessa-2019\/","name":"FEDESSA 2019 - Less Mess Storage - Hotel dla Twoich rzeczy!","isPartOf":{"@id":"https:\/\/www.lessmess.storage\/#website"},"datePublished":"2019-11-26T10:24:19+00:00","dateModified":"2023-11-21T08:17:42+00:00","breadcrumb":{"@id":"https:\/\/www.lessmess.storage\/cs\/fedessa-2019\/#breadcrumb"},"inLanguage":"cs","potentialAction":[{"@type":"ReadAction","target":["https:\/\/www.lessmess.storage\/cs\/fedessa-2019\/"]}]},{"@type":"BreadcrumbList","@id":"https:\/\/www.lessmess.storage\/cs\/fedessa-2019\/#breadcrumb","itemListElement":[{"@type":"ListItem","position":1,"name":"Strona g\u0142\u00f3wna","item":"https:\/\/www.lessmess.storage\/cs\/"},{"@type":"ListItem","position":2,"name":"FEDESSA 2019"}]},{"@type":"WebSite","@id":"https:\/\/www.lessmess.storage\/#website","url":"https:\/\/www.lessmess.storage\/","name":"Less Mess Storage - Hotel dla Twoich rzeczy!","description":"Self Storage, mini magazyny samoobs\u0142ugowe do wynaj\u0119cia Warszawa, Krak\u00f3w, Wroc\u0142aw, Pozna\u0144.","potentialAction":[{"@type":"SearchAction","target":{"@type":"EntryPoint","urlTemplate":"https:\/\/www.lessmess.storage\/?s={search_term_string}"},"query-input":{"@type":"PropertyValueSpecification","valueRequired":true,"valueName":"search_term_string"}}],"inLanguage":"cs"}]}},"_links":{"self":[{"href":"https:\/\/www.lessmess.storage\/cs\/wp-json\/wp\/v2\/pages\/3749","targetHints":{"allow":["GET"]}}],"collection":[{"href":"https:\/\/www.lessmess.storage\/cs\/wp-json\/wp\/v2\/pages"}],"about":[{"href":"https:\/\/www.lessmess.storage\/cs\/wp-json\/wp\/v2\/types\/page"}],"author":[{"embeddable":true,"href":"https:\/\/www.lessmess.storage\/cs\/wp-json\/wp\/v2\/users\/1"}],"replies":[{"embeddable":true,"href":"https:\/\/www.lessmess.storage\/cs\/wp-json\/wp\/v2\/comments?post=3749"}],"version-history":[{"count":15,"href":"https:\/\/www.lessmess.storage\/cs\/wp-json\/wp\/v2\/pages\/3749\/revisions"}],"predecessor-version":[{"id":11684,"href":"https:\/\/www.lessmess.storage\/cs\/wp-json\/wp\/v2\/pages\/3749\/revisions\/11684"}],"wp:attachment":[{"href":"https:\/\/www.lessmess.storage\/cs\/wp-json\/wp\/v2\/media?parent=3749"}],"curies":[{"name":"wp","href":"https:\/\/api.w.org\/{rel}","templated":true}]}}