{"id":4224,"date":"2020-05-04T15:50:21","date_gmt":"2020-05-04T13:50:21","guid":{"rendered":"https:\/\/www.lessmess.storage\/?page_id=4224"},"modified":"2020-05-05T11:19:02","modified_gmt":"2020-05-05T09:19:02","slug":"lp-praha","status":"publish","type":"page","link":"https:\/\/www.lessmess.storage\/cs\/lp-praha\/","title":{"rendered":"LP-PRAHA"},"content":{"rendered":"[mk_page_section vertical_align=&#8220;top&#8220; layout_structure=&#8220;half_left&#8220; bg_image=&#8220;https:\/\/www.lessmess.storage\/wp-content\/uploads\/2020\/05\/banner-lp.jpg&#8220; bg_image_portrait=&#8220;https:\/\/www.lessmess.storage\/wp-content\/uploads\/2020\/05\/banner-lp-2-3.jpg&#8220; bg_color=&#8220;#ffffff&#8220; min_height=&#8220;350&#8243; full_height=&#8220;true&#8220; padding_top=&#8220;55&#8243; padding_bottom=&#8220;0&#8243; el_class=&#8220;prahalp&#8220;][vc_column][vc_column_text css=&#8220;.vc_custom_1588602764438{margin-bottom: 0px !important;}&#8220;]\n<p style=\"font-weight: 400; text-align: left;\"><span style=\"color: #333333;\">V\u00e1\u017een\u00ed z\u00e1kazn\u00edci,<\/span><\/p>\n<p style=\"font-weight: 400; text-align: justify;\"><span style=\"color: #333333;\">Rozhodli jsme se pomoci v\u0161em na\u0161im nov\u00fdm z\u00e1kazn\u00edk\u016fm, kte\u0159\u00ed pot\u0159ebuj\u00ed pro sv\u00e9 podnik\u00e1n\u00ed prostor nav\u00edc, poskytnout speci\u00e1ln\u00ed cenu na prvn\u00ed 2 m\u011bs\u00edce pron\u00e1jmu. Podm\u00ednkou pro z\u00edsk\u00e1n\u00ed t\u00e9to ceny je, \u017ee smlouva bude uzav\u0159ena se subjektem, kter\u00fd m\u00e1 I\u010cO. Nab\u00eddka je omezen\u00e1 po\u010dtem voln\u00fdch k\u00f3j\u00ed, kter\u00e9 m\u00e1me k dispozici.<\/span><\/p>\n<p style=\"font-weight: 400; text-align: left;\"><span style=\"color: #333333;\">P\u0159ejeme V\u00e1m ve Va\u0161em podnik\u00e1n\u00ed mnoho klient\u016f. \u00a0<\/span><\/p>\n<p style=\"font-weight: 400; text-align: left;\"><span style=\"color: #333333;\">V\u00e1\u0161 t\u00fdm Less Mess Storage<\/span><\/p>\n<h6 style=\"font-weight: 400;\"><span style=\"color: #333333;\">*Pro bli\u017e\u0161\u00ed informace n\u00e1m volejte nebo pi\u0161te.<\/span><\/h6>\n[\/vc_column_text]\n<div class=\"wpcf7 no-js\" id=\"wpcf7-f4223-o1\" lang=\"pl-PL\" dir=\"ltr\" data-wpcf7-id=\"4223\">\n<div class=\"screen-reader-response\"><p role=\"status\" aria-live=\"polite\" aria-atomic=\"true\"><\/p> <ul><\/ul><\/div>\n<form action=\"\/cs\/wp-json\/wp\/v2\/pages\/4224#wpcf7-f4223-o1\" method=\"post\" class=\"wpcf7-form init wpcf7-acceptance-as-validation\" aria-label=\"Formularz kontaktowy\" novalidate=\"novalidate\" data-status=\"init\">\n<div style=\"display: none;\">\n<input type=\"hidden\" name=\"_wpcf7\" value=\"4223\" \/>\n<input type=\"hidden\" name=\"_wpcf7_version\" value=\"6.0.5\" \/>\n<input type=\"hidden\" name=\"_wpcf7_locale\" value=\"pl_PL\" \/>\n<input type=\"hidden\" name=\"_wpcf7_unit_tag\" value=\"wpcf7-f4223-o1\" \/>\n<input type=\"hidden\" name=\"_wpcf7_container_post\" value=\"0\" \/>\n<input type=\"hidden\" name=\"_wpcf7_posted_data_hash\" value=\"\" \/>\n<\/div>\n<div class=\"cf7-builder-container-row1 cf7-builder-container-row-inner cf7-main-builder dropped ui-sortable-handle\" id=\"cf7-container-builder-1556663329252\">\n\t<div class=\"cf7-ctrl\">\n\t\t<div class=\"cf7-move\">\n\t\t<\/div>\n\t\t<div class=\"cf7-colunm\">\n\t\t<\/div>\n\t\t<div class=\"cf7-dub cf7-dub-row\">\n\t\t<\/div>\n\t\t<div class=\"cf7-remove\">\n\t\t<\/div>\n\t<\/div>\n\t<div class=\"cf7-row\">\n\t\t<div class=\"col-md-12\">\n\t\t\t<div class=\"cf7-builder-container-row-inner-drop ui-droppable ui-sortable\">\n\t\t\t\t<div class=\"cf7-text cf7-main-builder dropped ui-sortable-handle\" id=\"cf7-container-builder-1556663380721\">\n\t\t\t\t\t<div class=\"cf7-ctrl cf7-ctrl-inner\">\n\t\t\t\t\t\t<div class=\"cf7-move\">\n\t\t\t\t\t\t<\/div>\n\t\t\t\t\t\t<div class=\"cf7-edit\">\n\t\t\t\t\t\t<\/div>\n\t\t\t\t\t\t<div class=\"cf7-dub cf7-dub-text\">\n\t\t\t\t\t\t<\/div>\n\t\t\t\t\t\t<div class=\"cf7-remove\">\n\t\t\t\t\t\t<\/div>\n\t\t\t\t\t<\/div>\n\t\t\t\t\t<div class=\"cf7_text_label\">\n\t\t\t\t\t<\/div>\n\t\t\t\t\t<div class=\"cf7_font\">\n\t\t\t\t\t<\/div>\n\t\t\t\t\t<div class=\"cf7_text_shortcode\">\n\t\t\t\t\t\t<p><span class=\"wpcf7-form-control-wrap\" data-name=\"text-your-name\"><input size=\"40\" maxlength=\"400\" class=\"wpcf7-form-control wpcf7-text wpcf7-validates-as-required\" aria-required=\"true\" aria-invalid=\"false\" placeholder=\"Jm\u00e9no*\" value=\"\" type=\"text\" name=\"text-your-name\" \/><\/span>\n\t\t\t\t\t\t<\/p>\n\t\t\t\t\t<\/div>\n\t\t\t\t<\/div>\n\t\t\t\t<div class=\"cf7-text cf7-main-builder dropped ui-sortable-handle\" id=\"cf7-container-builder-1556663536248\">\n\t\t\t\t\t<div class=\"cf7-ctrl cf7-ctrl-inner\">\n\t\t\t\t\t\t<div class=\"cf7-move\">\n\t\t\t\t\t\t<\/div>\n\t\t\t\t\t\t<div class=\"cf7-edit\">\n\t\t\t\t\t\t<\/div>\n\t\t\t\t\t\t<div class=\"cf7-dub cf7-dub-text\">\n\t\t\t\t\t\t<\/div>\n\t\t\t\t\t\t<div class=\"cf7-remove\">\n\t\t\t\t\t\t<\/div>\n\t\t\t\t\t<\/div>\n\t\t\t\t\t<div class=\"cf7_text_label\">\n\t\t\t\t\t<\/div>\n\t\t\t\t\t<div class=\"cf7_font\">\n\t\t\t\t\t<\/div>\n\t\t\t\t\t<div class=\"cf7_text_shortcode\">\n\t\t\t\t\t\t<p><span class=\"wpcf7-form-control-wrap\" data-name=\"tel-217\"><input size=\"40\" maxlength=\"400\" class=\"wpcf7-form-control wpcf7-tel wpcf7-validates-as-required wpcf7-text wpcf7-validates-as-tel\" aria-required=\"true\" aria-invalid=\"false\" placeholder=\"Telefonn\u00ed \u010d\u00edslo*\" value=\"\" type=\"tel\" name=\"tel-217\" \/><\/span>\n\t\t\t\t\t\t<\/p>\n\t\t\t\t\t<\/div>\n\t\t\t\t<\/div>\n\t\t\t\t<div class=\"cf7-text cf7-main-builder dropped ui-sortable-handle\" id=\"cf7-container-builder-1556663600871\">\n\t\t\t\t\t<div class=\"cf7-ctrl cf7-ctrl-inner\">\n\t\t\t\t\t\t<div class=\"cf7-move\">\n\t\t\t\t\t\t<\/div>\n\t\t\t\t\t\t<div class=\"cf7-edit\">\n\t\t\t\t\t\t<\/div>\n\t\t\t\t\t\t<div class=\"cf7-dub cf7-dub-text\">\n\t\t\t\t\t\t<\/div>\n\t\t\t\t\t\t<div class=\"cf7-remove\">\n\t\t\t\t\t\t<\/div>\n\t\t\t\t\t<\/div>\n\t\t\t\t\t<div class=\"cf7_text_label\">\n\t\t\t\t\t<\/div>\n\t\t\t\t\t<div class=\"cf7_font\">\n\t\t\t\t\t<\/div>\n\t\t\t\t\t<div class=\"cf7_text_shortcode\">\n\t\t\t\t\t\t<p><span class=\"wpcf7-form-control-wrap\" data-name=\"email-84\"><input size=\"40\" maxlength=\"400\" class=\"wpcf7-form-control wpcf7-email wpcf7-validates-as-required wpcf7-text wpcf7-validates-as-email\" aria-required=\"true\" aria-invalid=\"false\" placeholder=\"Emailov\u00e1 adresa*\" value=\"\" type=\"email\" name=\"email-84\" \/><\/span>\n\t\t\t\t\t\t<\/p>\n\t\t\t\t\t<\/div>\n\t\t\t\t<\/div>\n\t\t\t\t<div class=\"cf7-text cf7-main-builder dropped ui-sortable-handle\" id=\"cf7-container-builder-1588598306919\">\n\t\t\t\t\t<div class=\"cf7-ctrl cf7-ctrl-inner\">\n\t\t\t\t\t\t<div class=\"cf7-move\">\n\t\t\t\t\t\t<\/div>\n\t\t\t\t\t\t<div class=\"cf7-edit\">\n\t\t\t\t\t\t<\/div>\n\t\t\t\t\t\t<div class=\"cf7-dub cf7-dub-text\">\n\t\t\t\t\t\t<\/div>\n\t\t\t\t\t\t<div class=\"cf7-remove\">\n\t\t\t\t\t\t<\/div>\n\t\t\t\t\t<\/div>\n\t\t\t\t\t<div class=\"cf7_text_label\">\n\t\t\t\t\t\t<p>Nejbli\u017e\u0161\u00ed pobo\u010dka Less Mess Sotage\n\t\t\t\t\t\t<\/p>\n\t\t\t\t\t<\/div>\n\t\t\t\t\t<div class=\"cf7_font\">\n\t\t\t\t\t<\/div>\n\t\t\t\t\t<div class=\"cf7_text_shortcode\">\n\t\t\t\t\t\t<p><span class=\"wpcf7-form-control-wrap\" data-name=\"menu-486\"><select class=\"wpcf7-form-control wpcf7-select\" aria-invalid=\"false\" name=\"menu-486\"><option value=\"Pankr\u00e1c\">Pankr\u00e1c<\/option><option value=\"Dejvice\">Dejvice<\/option><option value=\"Hole\u0161ovice\">Hole\u0161ovice<\/option><\/select><\/span>\n\t\t\t\t\t\t<\/p>\n\t\t\t\t\t<\/div>\n\t\t\t\t<\/div>\n\t\t\t\t<div class=\"cf7-text cf7-main-builder dropped ui-sortable-handle\" id=\"cf7-container-builder-7312715\">\n\t\t\t\t\t<div class=\"cf7-ctrl cf7-ctrl-inner\">\n\t\t\t\t\t\t<div class=\"cf7-move\">\n\t\t\t\t\t\t<\/div>\n\t\t\t\t\t\t<div class=\"cf7-edit\">\n\t\t\t\t\t\t<\/div>\n\t\t\t\t\t\t<div class=\"cf7-dub cf7-dub-text\">\n\t\t\t\t\t\t<\/div>\n\t\t\t\t\t\t<div class=\"cf7-remove\">\n\t\t\t\t\t\t<\/div>\n\t\t\t\t\t<\/div>\n\t\t\t\t\t<div class=\"cf7_text_label\">\n\t\t\t\t\t\t<p>Po\u017eadovan\u00e1 velikost k\u00f3je\n\t\t\t\t\t\t<\/p>\n\t\t\t\t\t<\/div>\n\t\t\t\t\t<div class=\"cf7_font\">\n\t\t\t\t\t<\/div>\n\t\t\t\t\t<div class=\"cf7_text_shortcode\">\n\t\t\t\t\t\t<p><span class=\"wpcf7-form-control-wrap\" data-name=\"menu-487\"><select class=\"wpcf7-form-control wpcf7-select\" aria-invalid=\"false\" name=\"menu-487\"><option value=\"MINI (od 0,5m\u00b2 do 1m\u00b2)\">MINI (od 0,5m\u00b2 do 1m\u00b2)<\/option><option value=\"VELMI MAL\u00c1 (od 1,5m\u00b2 do 3m\u00b2)\">VELMI MAL\u00c1 (od 1,5m\u00b2 do 3m\u00b2)<\/option><option value=\"MAL\u00c1 (od 3,5m\u00b2 do 5m\u00b2)\">MAL\u00c1 (od 3,5m\u00b2 do 5m\u00b2)<\/option><option value=\"ST\u0158EDN\u00cd (od 5,5m\u00b2 do 9,5m\u00b2)\">ST\u0158EDN\u00cd (od 5,5m\u00b2 do 9,5m\u00b2)<\/option><option value=\"VELK\u00c1 (od 10m\u00b2 do 15m\u00b2)\">VELK\u00c1 (od 10m\u00b2 do 15m\u00b2)<\/option><option value=\"EXTRA VELK\u00c1 (od 15,5m\u00b2 &amp; v\u00edce)\">EXTRA VELK\u00c1 (od 15,5m\u00b2 &amp; v\u00edce)<\/option><\/select><\/span>\n\t\t\t\t\t\t<\/p>\n\t\t\t\t\t<\/div>\n\t\t\t\t<\/div>\n\t\t\t\t<div class=\"cf7-text cf7-main-builder dropped ui-sortable-handle\" id=\"cf7-container-builder-1556663880150\">\n\t\t\t\t\t<div class=\"cf7-ctrl cf7-ctrl-inner\">\n\t\t\t\t\t\t<div class=\"cf7-move\">\n\t\t\t\t\t\t<\/div>\n\t\t\t\t\t\t<div class=\"cf7-edit\">\n\t\t\t\t\t\t<\/div>\n\t\t\t\t\t\t<div class=\"cf7-dub cf7-dub-text\">\n\t\t\t\t\t\t<\/div>\n\t\t\t\t\t\t<div class=\"cf7-remove\">\n\t\t\t\t\t\t<\/div>\n\t\t\t\t\t<\/div>\n\t\t\t\t\t<div class=\"cf7_font\">\n\t\t\t\t\t<\/div>\n\t\t\t\t\t<div class=\"cf7_text_shortcode\">\n\t\t\t\t\t\t<p><input class=\"wpcf7-form-control wpcf7-submit has-spinner\" type=\"submit\" value=\"POSLAT\" \/>\n\t\t\t\t\t\t<\/p>\n\t\t\t\t\t<\/div>\n\t\t\t\t<\/div>\n\t\t\t\t<div class=\"cf7-text cf7-main-builder dropped ui-sortable-handle\" id=\"cf7-container-builder-1556663989382\">\n\t\t\t\t\t<div class=\"cf7-ctrl cf7-ctrl-inner\">\n\t\t\t\t\t\t<div class=\"cf7-move\">\n\t\t\t\t\t\t<\/div>\n\t\t\t\t\t\t<div class=\"cf7-edit\">\n\t\t\t\t\t\t<\/div>\n\t\t\t\t\t\t<div class=\"cf7-dub cf7-dub-text\">\n\t\t\t\t\t\t<\/div>\n\t\t\t\t\t\t<div class=\"cf7-remove\">\n\t\t\t\t\t\t<\/div>\n\t\t\t\t\t<\/div>\n\t\t\t\t\t<div class=\"cf7_font\">\n\t\t\t\t\t<\/div>\n\t\t\t\t\t<div class=\"cf7_text_shortcode\">\n\t\t\t\t\t\t<h6>*Povinn\u00e1 pole\n\t\t\t\t\t\t<\/h6>\n\t\t\t\t\t\t<h7>Less Mess Storage shroma\u017e\u010fuje r\u016fzn\u00e1 data od z\u00e1kazn\u00edk\u016f a dal\u0161\u00edch osob \/ subjekt\u016f, se kter\u00fdmi pracuje, pro legitimn\u00ed obchodn\u00ed nebo smluvn\u00ed \u00fa\u010dely. Va\u0161e soukrom\u00ed bereme v\u00e1\u017en\u011b, kliknut\u00edm\n\t\t\t\t\t\t\t<p><a href=\"https:\/\/www.lessmess.storage\/cs\/ochrana-osobnich-udaju\/\" target=\"_blank\" rel=\"nofollow noopener noreferrer\">&nbsp;<strong>sem<\/strong><\/a> zobraz\u00edte na\u0161e z\u00e1sady ochrany osobn\u00edch \u00fadaj\u016f online.\n\t\t\t\t\t\t\t<\/p>\n\t\t\t\t\t\t<\/h7>\n\t\t\t\t\t<\/div>\n\t\t\t\t<\/div>\n\t\t\t<\/div>\n\t\t<\/div>\n\t<\/div>\n<\/div><div class=\"wpcf7-response-output\" aria-hidden=\"true\"><\/div>\n<\/form>\n<\/div>\n[\/vc_column][\/mk_page_section]\n","protected":false},"excerpt":{"rendered":"<p>[mk_page_section vertical_align=&#8220;top&#8220; layout_structure=&#8220;half_left&#8220; bg_image=&#8220;https:\/\/www.lessmess.storage\/wp-content\/uploads\/2020\/05\/banner-lp.jpg&#8220; bg_image_portrait=&#8220;https:\/\/www.lessmess.storage\/wp-content\/uploads\/2020\/05\/banner-lp-2-3.jpg&#8220; bg_color=&#8220;#ffffff&#8220; min_height=&#8220;350&#8243; full_height=&#8220;true&#8220; padding_top=&#8220;55&#8243; padding_bottom=&#8220;0&#8243; el_class=&#8220;prahalp&#8220;][vc_column][vc_column_text css=&#8220;.vc_custom_1588602764438{margin-bottom: 0px !important;}&#8220;] V\u00e1\u017een\u00ed z\u00e1kazn\u00edci, Rozhodli jsme se pomoci v\u0161em na\u0161im nov\u00fdm z\u00e1kazn\u00edk\u016fm, kte\u0159\u00ed pot\u0159ebuj\u00ed pro sv\u00e9 podnik\u00e1n\u00ed prostor nav\u00edc, poskytnout speci\u00e1ln\u00ed cenu na prvn\u00ed 2 m\u011bs\u00edce pron\u00e1jmu. Podm\u00ednkou pro z\u00edsk\u00e1n\u00ed t\u00e9to ceny je, \u017ee smlouva bude uzav\u0159ena se subjektem, kter\u00fd m\u00e1 I\u010cO. Nab\u00eddka [&hellip;]<\/p>\n","protected":false},"author":1,"featured_media":0,"parent":0,"menu_order":0,"comment_status":"closed","ping_status":"closed","template":"","meta":{"footnotes":""},"class_list":["post-4224","page","type-page","status-publish","hentry"],"yoast_head":"<!-- This site is optimized with the Yoast SEO plugin v24.8.1 - https:\/\/yoast.com\/wordpress\/plugins\/seo\/ -->\n<title>LP-PRAHA - Less Mess Storage - Hotel dla Twoich rzeczy!<\/title>\n<meta name=\"robots\" content=\"index, follow, max-snippet:-1, max-image-preview:large, max-video-preview:-1\" \/>\n<link rel=\"canonical\" href=\"https:\/\/www.lessmess.storage\/cs\/lp-praha\/\" \/>\n<meta property=\"og:locale\" content=\"cs_CZ\" \/>\n<meta property=\"og:type\" content=\"article\" \/>\n<meta property=\"og:title\" content=\"LP-PRAHA - Less Mess Storage - Hotel dla Twoich rzeczy!\" \/>\n<meta property=\"og:description\" content=\"[mk_page_section vertical_align=&#8220;top&#8220; layout_structure=&#8220;half_left&#8220; bg_image=&#8220;https:\/\/www.lessmess.storage\/wp-content\/uploads\/2020\/05\/banner-lp.jpg&#8220; bg_image_portrait=&#8220;https:\/\/www.lessmess.storage\/wp-content\/uploads\/2020\/05\/banner-lp-2-3.jpg&#8220; bg_color=&#8220;#ffffff&#8220; min_height=&#8220;350&#8243; full_height=&#8220;true&#8220; padding_top=&#8220;55&#8243; padding_bottom=&#8220;0&#8243; el_class=&#8220;prahalp&#8220;][vc_column][vc_column_text css=&#8220;.vc_custom_1588602764438{margin-bottom: 0px !important;}&#8220;] V\u00e1\u017een\u00ed z\u00e1kazn\u00edci, Rozhodli jsme se pomoci v\u0161em na\u0161im nov\u00fdm z\u00e1kazn\u00edk\u016fm, kte\u0159\u00ed pot\u0159ebuj\u00ed pro sv\u00e9 podnik\u00e1n\u00ed prostor nav\u00edc, poskytnout speci\u00e1ln\u00ed cenu na prvn\u00ed 2 m\u011bs\u00edce pron\u00e1jmu. Podm\u00ednkou pro z\u00edsk\u00e1n\u00ed t\u00e9to ceny je, \u017ee smlouva bude uzav\u0159ena se subjektem, kter\u00fd m\u00e1 I\u010cO. Nab\u00eddka [&hellip;]\" \/>\n<meta property=\"og:url\" content=\"https:\/\/www.lessmess.storage\/cs\/lp-praha\/\" \/>\n<meta property=\"og:site_name\" content=\"Less Mess Storage - Hotel dla Twoich rzeczy!\" \/>\n<meta property=\"article:modified_time\" content=\"2020-05-05T09:19:02+00:00\" \/>\n<meta name=\"twitter:card\" content=\"summary_large_image\" \/>\n<meta name=\"twitter:label1\" content=\"Odhadovan\u00e1 doba \u010dten\u00ed\" \/>\n\t<meta name=\"twitter:data1\" content=\"1 minuta\" \/>\n<script type=\"application\/ld+json\" class=\"yoast-schema-graph\">{\"@context\":\"https:\/\/schema.org\",\"@graph\":[{\"@type\":\"WebPage\",\"@id\":\"https:\/\/www.lessmess.storage\/cs\/lp-praha\/\",\"url\":\"https:\/\/www.lessmess.storage\/cs\/lp-praha\/\",\"name\":\"LP-PRAHA - Less Mess Storage - Hotel dla Twoich rzeczy!\",\"isPartOf\":{\"@id\":\"https:\/\/www.lessmess.storage\/#website\"},\"datePublished\":\"2020-05-04T13:50:21+00:00\",\"dateModified\":\"2020-05-05T09:19:02+00:00\",\"breadcrumb\":{\"@id\":\"https:\/\/www.lessmess.storage\/cs\/lp-praha\/#breadcrumb\"},\"inLanguage\":\"cs\",\"potentialAction\":[{\"@type\":\"ReadAction\",\"target\":[\"https:\/\/www.lessmess.storage\/cs\/lp-praha\/\"]}]},{\"@type\":\"BreadcrumbList\",\"@id\":\"https:\/\/www.lessmess.storage\/cs\/lp-praha\/#breadcrumb\",\"itemListElement\":[{\"@type\":\"ListItem\",\"position\":1,\"name\":\"Strona g\u0142\u00f3wna\",\"item\":\"https:\/\/www.lessmess.storage\/cs\/\"},{\"@type\":\"ListItem\",\"position\":2,\"name\":\"LP-PRAHA\"}]},{\"@type\":\"WebSite\",\"@id\":\"https:\/\/www.lessmess.storage\/#website\",\"url\":\"https:\/\/www.lessmess.storage\/\",\"name\":\"Less Mess Storage - Hotel dla Twoich rzeczy!\",\"description\":\"Self Storage, mini magazyny samoobs\u0142ugowe do wynaj\u0119cia Warszawa, Krak\u00f3w, Wroc\u0142aw, Pozna\u0144.\",\"potentialAction\":[{\"@type\":\"SearchAction\",\"target\":{\"@type\":\"EntryPoint\",\"urlTemplate\":\"https:\/\/www.lessmess.storage\/?s={search_term_string}\"},\"query-input\":{\"@type\":\"PropertyValueSpecification\",\"valueRequired\":true,\"valueName\":\"search_term_string\"}}],\"inLanguage\":\"cs\"}]}<\/script>\n<!-- \/ Yoast SEO plugin. -->","yoast_head_json":{"title":"LP-PRAHA - Less Mess Storage - Hotel dla Twoich rzeczy!","robots":{"index":"index","follow":"follow","max-snippet":"max-snippet:-1","max-image-preview":"max-image-preview:large","max-video-preview":"max-video-preview:-1"},"canonical":"https:\/\/www.lessmess.storage\/cs\/lp-praha\/","og_locale":"cs_CZ","og_type":"article","og_title":"LP-PRAHA - Less Mess Storage - Hotel dla Twoich rzeczy!","og_description":"[mk_page_section vertical_align=&#8220;top&#8220; layout_structure=&#8220;half_left&#8220; bg_image=&#8220;https:\/\/www.lessmess.storage\/wp-content\/uploads\/2020\/05\/banner-lp.jpg&#8220; bg_image_portrait=&#8220;https:\/\/www.lessmess.storage\/wp-content\/uploads\/2020\/05\/banner-lp-2-3.jpg&#8220; bg_color=&#8220;#ffffff&#8220; min_height=&#8220;350&#8243; full_height=&#8220;true&#8220; padding_top=&#8220;55&#8243; padding_bottom=&#8220;0&#8243; el_class=&#8220;prahalp&#8220;][vc_column][vc_column_text css=&#8220;.vc_custom_1588602764438{margin-bottom: 0px !important;}&#8220;] V\u00e1\u017een\u00ed z\u00e1kazn\u00edci, Rozhodli jsme se pomoci v\u0161em na\u0161im nov\u00fdm z\u00e1kazn\u00edk\u016fm, kte\u0159\u00ed pot\u0159ebuj\u00ed pro sv\u00e9 podnik\u00e1n\u00ed prostor nav\u00edc, poskytnout speci\u00e1ln\u00ed cenu na prvn\u00ed 2 m\u011bs\u00edce pron\u00e1jmu. Podm\u00ednkou pro z\u00edsk\u00e1n\u00ed t\u00e9to ceny je, \u017ee smlouva bude uzav\u0159ena se subjektem, kter\u00fd m\u00e1 I\u010cO. Nab\u00eddka [&hellip;]","og_url":"https:\/\/www.lessmess.storage\/cs\/lp-praha\/","og_site_name":"Less Mess Storage - Hotel dla Twoich rzeczy!","article_modified_time":"2020-05-05T09:19:02+00:00","twitter_card":"summary_large_image","twitter_misc":{"Odhadovan\u00e1 doba \u010dten\u00ed":"1 minuta"},"schema":{"@context":"https:\/\/schema.org","@graph":[{"@type":"WebPage","@id":"https:\/\/www.lessmess.storage\/cs\/lp-praha\/","url":"https:\/\/www.lessmess.storage\/cs\/lp-praha\/","name":"LP-PRAHA - Less Mess Storage - Hotel dla Twoich rzeczy!","isPartOf":{"@id":"https:\/\/www.lessmess.storage\/#website"},"datePublished":"2020-05-04T13:50:21+00:00","dateModified":"2020-05-05T09:19:02+00:00","breadcrumb":{"@id":"https:\/\/www.lessmess.storage\/cs\/lp-praha\/#breadcrumb"},"inLanguage":"cs","potentialAction":[{"@type":"ReadAction","target":["https:\/\/www.lessmess.storage\/cs\/lp-praha\/"]}]},{"@type":"BreadcrumbList","@id":"https:\/\/www.lessmess.storage\/cs\/lp-praha\/#breadcrumb","itemListElement":[{"@type":"ListItem","position":1,"name":"Strona g\u0142\u00f3wna","item":"https:\/\/www.lessmess.storage\/cs\/"},{"@type":"ListItem","position":2,"name":"LP-PRAHA"}]},{"@type":"WebSite","@id":"https:\/\/www.lessmess.storage\/#website","url":"https:\/\/www.lessmess.storage\/","name":"Less Mess Storage - Hotel dla Twoich rzeczy!","description":"Self Storage, mini magazyny samoobs\u0142ugowe do wynaj\u0119cia Warszawa, Krak\u00f3w, Wroc\u0142aw, Pozna\u0144.","potentialAction":[{"@type":"SearchAction","target":{"@type":"EntryPoint","urlTemplate":"https:\/\/www.lessmess.storage\/?s={search_term_string}"},"query-input":{"@type":"PropertyValueSpecification","valueRequired":true,"valueName":"search_term_string"}}],"inLanguage":"cs"}]}},"_links":{"self":[{"href":"https:\/\/www.lessmess.storage\/cs\/wp-json\/wp\/v2\/pages\/4224","targetHints":{"allow":["GET"]}}],"collection":[{"href":"https:\/\/www.lessmess.storage\/cs\/wp-json\/wp\/v2\/pages"}],"about":[{"href":"https:\/\/www.lessmess.storage\/cs\/wp-json\/wp\/v2\/types\/page"}],"author":[{"embeddable":true,"href":"https:\/\/www.lessmess.storage\/cs\/wp-json\/wp\/v2\/users\/1"}],"replies":[{"embeddable":true,"href":"https:\/\/www.lessmess.storage\/cs\/wp-json\/wp\/v2\/comments?post=4224"}],"version-history":[{"count":14,"href":"https:\/\/www.lessmess.storage\/cs\/wp-json\/wp\/v2\/pages\/4224\/revisions"}],"predecessor-version":[{"id":4253,"href":"https:\/\/www.lessmess.storage\/cs\/wp-json\/wp\/v2\/pages\/4224\/revisions\/4253"}],"wp:attachment":[{"href":"https:\/\/www.lessmess.storage\/cs\/wp-json\/wp\/v2\/media?parent=4224"}],"curies":[{"name":"wp","href":"https:\/\/api.w.org\/{rel}","templated":true}]}}