{"id":1201,"date":"2019-04-18T12:56:34","date_gmt":"2019-04-18T10:56:34","guid":{"rendered":"https:\/\/www.lessmess.storage\/?page_id=1201"},"modified":"2023-04-17T15:46:42","modified_gmt":"2023-04-17T13:46:42","slug":"size-guide","status":"publish","type":"page","link":"https:\/\/www.lessmess.storage\/en\/size-guide\/","title":{"rendered":"Unit Sizes"},"content":{"rendered":"<div class=\"wpb-content-wrapper\">[vc_row][vc_column][mk_padding_divider size=&#8221;45&#8243;][mk_fancy_title color=&#8221;#444444&#8243; size=&#8221;36&#8243; force_font_size=&#8221;true&#8221; size_smallscreen=&#8221;36&#8243; size_tablet=&#8221;34&#8243; size_phone=&#8221;32&#8243; font_weight=&#8221;400&#8243; margin_bottom=&#8221;10&#8243; font_family=&#8221;none&#8221; align=&#8221;center&#8221;]\n<p style=\"text-align: center;\"><span style=\"color: #444444;\">Self storage unit sizes<\/span><\/p>\n[\/mk_fancy_title][vc_column_text css=&#8221;.vc_custom_1681739183835{margin-bottom: 0px !important;}&#8221;]\n<p style=\"text-align: center;\"><strong>How much space do I need?<\/strong><\/p>\n<p style=\"text-align: center;\">The following visualisations will help you in choosing the unit size.<\/p>\n<p style=\"text-align: center;\">We have over 40 different unit sizes.<\/p>\n<p style=\"text-align: center;\"><strong>Use the height and stack stuff up. \u00a0Pack as much as you can.<\/strong><\/p>\n[\/vc_column_text][\/vc_column][\/vc_row][vc_row][vc_column][mk_padding_divider size=&#8221;45&#8243;][vc_row_inner][vc_column_inner width=&#8221;1\/3&#8243;][vc_column_text css=&#8221;.vc_custom_1558050606973{margin-bottom: 0px !important;}&#8221;]\n<h4 style=\"text-align: center;\">MINI<\/h4>\n<p style=\"text-align: center;\">from 0.5m\u00b2 to 1m\u00b2<\/p>\n[\/vc_column_text][mk_button dimension=&#8221;flat&#8221; corner_style=&#8221;rounded&#8221; url=&#8221;https:\/\/www.lessmess.storage\/en\/size-mini\/&#8221; align=&#8221;center&#8221; margin_bottom=&#8221;5&#8243; margin_right=&#8221;0&#8243; bg_color=&#8221;#9e9e9e&#8221; btn_hover_bg=&#8221;#000000&#8243; btn_hover_txt_color=&#8221;#ffffff&#8221;]SEE MORE[\/mk_button][mk_image src=&#8221;https:\/\/www.lessmess.storage\/wp-content\/uploads\/2019\/01\/pomieszczenie-mini-1.jpg&#8221; image_size=&#8221;full&#8221; link=&#8221;https:\/\/www.lessmess.storage\/en\/size-mini\/&#8221; align=&#8221;center&#8221; margin_bottom=&#8221;-10&#8243;][\/vc_column_inner][vc_column_inner width=&#8221;1\/3&#8243;][vc_column_text css=&#8221;.vc_custom_1558050612430{margin-bottom: 0px !important;}&#8221;]\n<h4 style=\"text-align: center;\">VERY SMALL<\/h4>\n<p style=\"text-align: center;\">from 1.5m\u00b2 to 3m\u00b2<\/p>\n[\/vc_column_text][mk_button dimension=&#8221;flat&#8221; corner_style=&#8221;rounded&#8221; url=&#8221;https:\/\/www.lessmess.storage\/en\/size-very-small\/&#8221; align=&#8221;center&#8221; margin_bottom=&#8221;5&#8243; margin_right=&#8221;0&#8243; bg_color=&#8221;#9e9e9e&#8221; btn_hover_bg=&#8221;#000000&#8243; btn_hover_txt_color=&#8221;#ffffff&#8221;]SEE MORE[\/mk_button][mk_image src=&#8221;https:\/\/www.lessmess.storage\/wp-content\/uploads\/2019\/01\/pomieszczenie-bardzo-male-1.jpg&#8221; image_size=&#8221;full&#8221; link=&#8221;https:\/\/www.lessmess.storage\/en\/size-very-small\/&#8221; align=&#8221;center&#8221; margin_bottom=&#8221;-10&#8243;][\/vc_column_inner][vc_column_inner width=&#8221;1\/3&#8243;][vc_column_text css=&#8221;.vc_custom_1558050617540{margin-bottom: 0px !important;}&#8221;]\n<h4 style=\"text-align: center;\">SMALL<\/h4>\n<p style=\"text-align: center;\">from 3.5m\u00b2 to 5m\u00b2<\/p>\n[\/vc_column_text][mk_button dimension=&#8221;flat&#8221; corner_style=&#8221;rounded&#8221; url=&#8221;https:\/\/www.lessmess.storage\/en\/size-small\/&#8221; align=&#8221;center&#8221; margin_bottom=&#8221;5&#8243; margin_right=&#8221;0&#8243; bg_color=&#8221;#9e9e9e&#8221; btn_hover_bg=&#8221;#000000&#8243; btn_hover_txt_color=&#8221;#ffffff&#8221;]SEE MORE[\/mk_button][mk_image src=&#8221;https:\/\/www.lessmess.storage\/wp-content\/uploads\/2019\/01\/pomieszczenie-male-1.jpg&#8221; image_size=&#8221;full&#8221; link=&#8221;https:\/\/www.lessmess.storage\/en\/size-small\/&#8221; align=&#8221;center&#8221; margin_bottom=&#8221;-10&#8243;][\/vc_column_inner][\/vc_row_inner][mk_padding_divider size=&#8221;35&#8243;][vc_row_inner][vc_column_inner width=&#8221;1\/3&#8243;][vc_column_text css=&#8221;.vc_custom_1558050626800{margin-bottom: 0px !important;}&#8221;]\n<h4 style=\"text-align: center;\">MEDIUM<\/h4>\n<p style=\"text-align: center;\">from 5.5m\u00b2 to 9.5m\u00b2<\/p>\n[\/vc_column_text][mk_button dimension=&#8221;flat&#8221; corner_style=&#8221;rounded&#8221; url=&#8221;https:\/\/www.lessmess.storage\/en\/size-medium\/&#8221; align=&#8221;center&#8221; margin_bottom=&#8221;5&#8243; margin_right=&#8221;0&#8243; bg_color=&#8221;#9e9e9e&#8221; btn_hover_bg=&#8221;#000000&#8243; btn_hover_txt_color=&#8221;#ffffff&#8221;]SEE MORE[\/mk_button][mk_image src=&#8221;https:\/\/www.lessmess.storage\/wp-content\/uploads\/2019\/01\/pomieszczenie-srednie-1.jpg&#8221; image_size=&#8221;full&#8221; link=&#8221;https:\/\/www.lessmess.storage\/en\/size-medium\/&#8221; align=&#8221;center&#8221; margin_bottom=&#8221;-10&#8243;][\/vc_column_inner][vc_column_inner width=&#8221;1\/3&#8243;][vc_column_text css=&#8221;.vc_custom_1558050631700{margin-bottom: 0px !important;}&#8221;]\n<h4 style=\"text-align: center;\">LARGE<\/h4>\n<p style=\"text-align: center;\">from 10m\u00b2 to 15m\u00b2<\/p>\n[\/vc_column_text][mk_button dimension=&#8221;flat&#8221; corner_style=&#8221;rounded&#8221; url=&#8221;https:\/\/www.lessmess.storage\/en\/size-large\/&#8221; align=&#8221;center&#8221; margin_bottom=&#8221;5&#8243; margin_right=&#8221;0&#8243; bg_color=&#8221;#9e9e9e&#8221; btn_hover_bg=&#8221;#000000&#8243; btn_hover_txt_color=&#8221;#ffffff&#8221;]SEE MORE[\/mk_button][mk_image src=&#8221;https:\/\/www.lessmess.storage\/wp-content\/uploads\/2019\/01\/pomieszczenie-duze-1.jpg&#8221; image_size=&#8221;full&#8221; link=&#8221;https:\/\/www.lessmess.storage\/en\/size-large\/&#8221; align=&#8221;center&#8221; margin_bottom=&#8221;-10&#8243;][\/vc_column_inner][vc_column_inner width=&#8221;1\/3&#8243;][vc_column_text css=&#8221;.vc_custom_1558050636860{margin-bottom: 0px !important;}&#8221;]\n<h4 style=\"text-align: center;\">EXTRA LARGE<\/h4>\n<p style=\"text-align: center;\">15.5m\u00b2 and larger<\/p>\n[\/vc_column_text][mk_button dimension=&#8221;flat&#8221; corner_style=&#8221;rounded&#8221; url=&#8221;https:\/\/www.lessmess.storage\/en\/size-extra-large\/&#8221; align=&#8221;center&#8221; margin_bottom=&#8221;5&#8243; margin_right=&#8221;0&#8243; bg_color=&#8221;#9e9e9e&#8221; btn_hover_bg=&#8221;#000000&#8243; btn_hover_txt_color=&#8221;#ffffff&#8221;]SEE MORE[\/mk_button][mk_image src=&#8221;https:\/\/www.lessmess.storage\/wp-content\/uploads\/2019\/01\/pomieszczenie-bardzo-duze-1.jpg&#8221; image_size=&#8221;full&#8221; link=&#8221;https:\/\/www.lessmess.storage\/en\/size-extra-large\/&#8221; align=&#8221;center&#8221; margin_bottom=&#8221;-10&#8243;][\/vc_column_inner][\/vc_row_inner][mk_padding_divider][\/vc_column][\/vc_row][vc_row fullwidth=&#8221;true&#8221; parallax=&#8221;content-moving&#8221; parallax_image=&#8221;84&#8243;][vc_column][mk_padding_divider size=&#8221;135&#8243;][mk_fancy_title color=&#8221;#ffffff&#8221; size=&#8221;36&#8243; force_font_size=&#8221;true&#8221; size_smallscreen=&#8221;36&#8243; size_tablet=&#8221;34&#8243; size_phone=&#8221;32&#8243; font_weight=&#8221;400&#8243; margin_bottom=&#8221;10&#8243; font_family=&#8221;none&#8221;]\n<p style=\"text-align: center;\"><span style=\"color: #ffffff;\">Reserve a room online<\/span><\/p>\n[\/mk_fancy_title][vc_column_text disable_pattern=&#8221;false&#8221; align=&#8221;center&#8221; margin_bottom=&#8221;15&#8243; css=&#8221;.vc_custom_1559999737045{margin-bottom: 0px !important;}&#8221;]\n<p style=\"text-align: center;\"><span style=\"color: #ffffff;\">Highly secure, modern and clean units \u2013 Less Mess Storage aims to provide<br \/>\nthe best self storage experience.<\/span><\/p>\n<p style=\"text-align: center;\"><span style=\"color: #ffffff;\">Find the best rates and reserve online now.<\/span><\/p>\n[\/vc_column_text][vc_row_inner is_fullwidth_content=&#8221;false&#8221; el_id=&#8221;lmspluginsearcher&#8221;][vc_column_inner width=&#8221;1\/4&#8243;][\/vc_column_inner][vc_column_inner width=&#8221;1\/2&#8243;][vc_raw_html]JTNDcCUyMHN0eWxlJTNEJTIydGV4dC1hbGlnbiUzQSUyMGNlbnRlciUzQiUyMiUzRSUzQ3NjcmlwdCUyMHR5cGUlM0QlMjJ0ZXh0JTJGamF2YXNjcmlwdCUyMiUzRSUyMHJ1bkFqYXglMjglMjdsbXNwbHVnaW5zZWFyY2hlciUyNyUyQyUyNyUyRnBsdWdpbiUyRnNlYXJjaGVyLnBocCUzRmxhbmclM0RlbiUyNyUyQyUyMCU3QiU3RCUyOSUzQiUyMCUzQyUyRnNjcmlwdCUzRSUzQyUyRnAlM0U=[\/vc_raw_html][\/vc_column_inner][vc_column_inner width=&#8221;1\/4&#8243;][\/vc_column_inner][\/vc_row_inner][mk_padding_divider size=&#8221;135&#8243;][\/vc_column][\/vc_row][mk_page_section vertical_align=&#8221;center&#8221; bg_gradient=&#8221;horizontal&#8221; video_color_mask=&#8221;#e62b2e&#8221; gr_end=&#8221;#c12729&#8243; video_opacity=&#8221;1&#8243; sidebar=&#8221;sidebar-1&#8243;][vc_column][mk_fancy_title color=&#8221;#ffffff&#8221; size=&#8221;32&#8243; force_font_size=&#8221;true&#8221; size_smallscreen=&#8221;32&#8243; size_tablet=&#8221;28&#8243; size_phone=&#8221;24&#8243; font_weight=&#8221;400&#8243; margin_top=&#8221;45&#8243; margin_bottom=&#8221;35&#8243; font_family=&#8221;none&#8221; align=&#8221;center&#8221;]<!--\n\n\n<p style=\"text-align: center;\">[mk_font_icons icon=\"mk-moon-phone-3\" color=\"#ffffff\" size=\"large\" circle=\"true\" circle_border_width=\"2\" circle_border_color=\"#ffffff\"] Call free: <span style=\"color: #ffffff;\"><a style=\"color: #ffffff;\" href=\"tel:+48800330033\">800 330 033<\/a><\/span><\/p>\n\n\n-->[\/mk_fancy_title][\/vc_column][\/mk_page_section]\n<\/div>","protected":false},"excerpt":{"rendered":"<p>[vc_row][vc_column][mk_padding_divider size=&#8221;45&#8243;][mk_fancy_title color=&#8221;#444444&#8243; size=&#8221;36&#8243; force_font_size=&#8221;true&#8221; size_smallscreen=&#8221;36&#8243; size_tablet=&#8221;34&#8243; size_phone=&#8221;32&#8243; font_weight=&#8221;400&#8243; margin_bottom=&#8221;10&#8243; font_family=&#8221;none&#8221; align=&#8221;center&#8221;] Self storage unit sizes [\/mk_fancy_title][vc_column_text css=&#8221;.vc_custom_1681739183835{margin-bottom: 0px !important;}&#8221;] How much space do I need? The following visualisations will help you in choosing the unit size. We have over 40 different unit sizes. Use the height and stack stuff up. \u00a0Pack as much as [&hellip;]<\/p>\n","protected":false},"author":1,"featured_media":0,"parent":0,"menu_order":0,"comment_status":"closed","ping_status":"closed","template":"","meta":{"footnotes":""},"class_list":["post-1201","page","type-page","status-publish","hentry"],"yoast_head":"<!-- This site is optimized with the Yoast SEO plugin v24.8.1 - https:\/\/yoast.com\/wordpress\/plugins\/seo\/ -->\n<title>Unit Sizes - Less Mess Storage - Hotel dla Twoich rzeczy!<\/title>\n<meta name=\"robots\" content=\"index, follow, max-snippet:-1, max-image-preview:large, max-video-preview:-1\" \/>\n<link rel=\"canonical\" href=\"https:\/\/www.lessmess.storage\/en\/size-guide\/\" \/>\n<meta property=\"og:locale\" content=\"en_US\" \/>\n<meta property=\"og:type\" content=\"article\" \/>\n<meta property=\"og:title\" content=\"Unit Sizes - Less Mess Storage - Hotel dla Twoich rzeczy!\" \/>\n<meta property=\"og:description\" content=\"[vc_row][vc_column][mk_padding_divider size=&#8221;45&#8243;][mk_fancy_title color=&#8221;#444444&#8243; size=&#8221;36&#8243; force_font_size=&#8221;true&#8221; size_smallscreen=&#8221;36&#8243; size_tablet=&#8221;34&#8243; size_phone=&#8221;32&#8243; font_weight=&#8221;400&#8243; margin_bottom=&#8221;10&#8243; font_family=&#8221;none&#8221; align=&#8221;center&#8221;] Self storage unit sizes [\/mk_fancy_title][vc_column_text css=&#8221;.vc_custom_1681739183835{margin-bottom: 0px !important;}&#8221;] How much space do I need? The following visualisations will help you in choosing the unit size. We have over 40 different unit sizes. Use the height and stack stuff up. \u00a0Pack as much as [&hellip;]\" \/>\n<meta property=\"og:url\" content=\"https:\/\/www.lessmess.storage\/en\/size-guide\/\" \/>\n<meta property=\"og:site_name\" content=\"Less Mess Storage - Hotel dla Twoich rzeczy!\" \/>\n<meta property=\"article:modified_time\" content=\"2023-04-17T13:46:42+00:00\" \/>\n<meta name=\"twitter:card\" content=\"summary_large_image\" \/>\n<meta name=\"twitter:label1\" content=\"Est. reading time\" \/>\n\t<meta name=\"twitter:data1\" content=\"2 minutes\" \/>\n<script type=\"application\/ld+json\" class=\"yoast-schema-graph\">{\"@context\":\"https:\/\/schema.org\",\"@graph\":[{\"@type\":\"WebPage\",\"@id\":\"https:\/\/www.lessmess.storage\/en\/size-guide\/\",\"url\":\"https:\/\/www.lessmess.storage\/en\/size-guide\/\",\"name\":\"Unit Sizes - Less Mess Storage - Hotel dla Twoich rzeczy!\",\"isPartOf\":{\"@id\":\"https:\/\/www.lessmess.storage\/#website\"},\"datePublished\":\"2019-04-18T10:56:34+00:00\",\"dateModified\":\"2023-04-17T13:46:42+00:00\",\"breadcrumb\":{\"@id\":\"https:\/\/www.lessmess.storage\/en\/size-guide\/#breadcrumb\"},\"inLanguage\":\"en-US\",\"potentialAction\":[{\"@type\":\"ReadAction\",\"target\":[\"https:\/\/www.lessmess.storage\/en\/size-guide\/\"]}]},{\"@type\":\"BreadcrumbList\",\"@id\":\"https:\/\/www.lessmess.storage\/en\/size-guide\/#breadcrumb\",\"itemListElement\":[{\"@type\":\"ListItem\",\"position\":1,\"name\":\"Strona g\u0142\u00f3wna\",\"item\":\"https:\/\/www.lessmess.storage\/en\/\"},{\"@type\":\"ListItem\",\"position\":2,\"name\":\"Unit Sizes\"}]},{\"@type\":\"WebSite\",\"@id\":\"https:\/\/www.lessmess.storage\/#website\",\"url\":\"https:\/\/www.lessmess.storage\/\",\"name\":\"Less Mess Storage - Hotel dla Twoich rzeczy!\",\"description\":\"Self Storage, mini magazyny samoobs\u0142ugowe do wynaj\u0119cia Warszawa, Krak\u00f3w, Wroc\u0142aw, Pozna\u0144.\",\"potentialAction\":[{\"@type\":\"SearchAction\",\"target\":{\"@type\":\"EntryPoint\",\"urlTemplate\":\"https:\/\/www.lessmess.storage\/?s={search_term_string}\"},\"query-input\":{\"@type\":\"PropertyValueSpecification\",\"valueRequired\":true,\"valueName\":\"search_term_string\"}}],\"inLanguage\":\"en-US\"}]}<\/script>\n<!-- \/ Yoast SEO plugin. -->","yoast_head_json":{"title":"Unit Sizes - Less Mess Storage - Hotel dla Twoich rzeczy!","robots":{"index":"index","follow":"follow","max-snippet":"max-snippet:-1","max-image-preview":"max-image-preview:large","max-video-preview":"max-video-preview:-1"},"canonical":"https:\/\/www.lessmess.storage\/en\/size-guide\/","og_locale":"en_US","og_type":"article","og_title":"Unit Sizes - Less Mess Storage - Hotel dla Twoich rzeczy!","og_description":"[vc_row][vc_column][mk_padding_divider size=&#8221;45&#8243;][mk_fancy_title color=&#8221;#444444&#8243; size=&#8221;36&#8243; force_font_size=&#8221;true&#8221; size_smallscreen=&#8221;36&#8243; size_tablet=&#8221;34&#8243; size_phone=&#8221;32&#8243; font_weight=&#8221;400&#8243; margin_bottom=&#8221;10&#8243; font_family=&#8221;none&#8221; align=&#8221;center&#8221;] Self storage unit sizes [\/mk_fancy_title][vc_column_text css=&#8221;.vc_custom_1681739183835{margin-bottom: 0px !important;}&#8221;] How much space do I need? The following visualisations will help you in choosing the unit size. We have over 40 different unit sizes. Use the height and stack stuff up. \u00a0Pack as much as [&hellip;]","og_url":"https:\/\/www.lessmess.storage\/en\/size-guide\/","og_site_name":"Less Mess Storage - Hotel dla Twoich rzeczy!","article_modified_time":"2023-04-17T13:46:42+00:00","twitter_card":"summary_large_image","twitter_misc":{"Est. reading time":"2 minutes"},"schema":{"@context":"https:\/\/schema.org","@graph":[{"@type":"WebPage","@id":"https:\/\/www.lessmess.storage\/en\/size-guide\/","url":"https:\/\/www.lessmess.storage\/en\/size-guide\/","name":"Unit Sizes - Less Mess Storage - Hotel dla Twoich rzeczy!","isPartOf":{"@id":"https:\/\/www.lessmess.storage\/#website"},"datePublished":"2019-04-18T10:56:34+00:00","dateModified":"2023-04-17T13:46:42+00:00","breadcrumb":{"@id":"https:\/\/www.lessmess.storage\/en\/size-guide\/#breadcrumb"},"inLanguage":"en-US","potentialAction":[{"@type":"ReadAction","target":["https:\/\/www.lessmess.storage\/en\/size-guide\/"]}]},{"@type":"BreadcrumbList","@id":"https:\/\/www.lessmess.storage\/en\/size-guide\/#breadcrumb","itemListElement":[{"@type":"ListItem","position":1,"name":"Strona g\u0142\u00f3wna","item":"https:\/\/www.lessmess.storage\/en\/"},{"@type":"ListItem","position":2,"name":"Unit Sizes"}]},{"@type":"WebSite","@id":"https:\/\/www.lessmess.storage\/#website","url":"https:\/\/www.lessmess.storage\/","name":"Less Mess Storage - Hotel dla Twoich rzeczy!","description":"Self Storage, mini magazyny samoobs\u0142ugowe do wynaj\u0119cia Warszawa, Krak\u00f3w, Wroc\u0142aw, Pozna\u0144.","potentialAction":[{"@type":"SearchAction","target":{"@type":"EntryPoint","urlTemplate":"https:\/\/www.lessmess.storage\/?s={search_term_string}"},"query-input":{"@type":"PropertyValueSpecification","valueRequired":true,"valueName":"search_term_string"}}],"inLanguage":"en-US"}]}},"_links":{"self":[{"href":"https:\/\/www.lessmess.storage\/en\/wp-json\/wp\/v2\/pages\/1201","targetHints":{"allow":["GET"]}}],"collection":[{"href":"https:\/\/www.lessmess.storage\/en\/wp-json\/wp\/v2\/pages"}],"about":[{"href":"https:\/\/www.lessmess.storage\/en\/wp-json\/wp\/v2\/types\/page"}],"author":[{"embeddable":true,"href":"https:\/\/www.lessmess.storage\/en\/wp-json\/wp\/v2\/users\/1"}],"replies":[{"embeddable":true,"href":"https:\/\/www.lessmess.storage\/en\/wp-json\/wp\/v2\/comments?post=1201"}],"version-history":[{"count":19,"href":"https:\/\/www.lessmess.storage\/en\/wp-json\/wp\/v2\/pages\/1201\/revisions"}],"predecessor-version":[{"id":10132,"href":"https:\/\/www.lessmess.storage\/en\/wp-json\/wp\/v2\/pages\/1201\/revisions\/10132"}],"wp:attachment":[{"href":"https:\/\/www.lessmess.storage\/en\/wp-json\/wp\/v2\/media?parent=1201"}],"curies":[{"name":"wp","href":"https:\/\/api.w.org\/{rel}","templated":true}]}}