{"id":7934,"date":"2022-05-19T08:22:01","date_gmt":"2022-05-19T06:22:01","guid":{"rendered":"https:\/\/www.lessmess.storage\/?page_id=7934"},"modified":"2022-07-29T08:52:46","modified_gmt":"2022-07-29T06:52:46","slug":"crushed-by-clutter-less-mess-less-stress","status":"publish","type":"page","link":"https:\/\/www.lessmess.storage\/en\/crushed-by-clutter-less-mess-less-stress\/","title":{"rendered":"Crushed by clutter? Less Mess, Less Stress\u2122"},"content":{"rendered":"<div class=\"wpb-content-wrapper\">[vc_row][vc_column][mk_image src=&#8221;https:\/\/www.lessmess.storage\/wp-content\/uploads\/2022\/07\/web-photang.jpg&#8221; image_size=&#8221;full&#8221;][mk_padding_divider][mk_fancy_title font_family=&#8221;none&#8221;]\n<h3 style=\"text-align: center;\"><strong>JAPANESE WORKS OF ART IN XXXL FORMAT ON LESS MESS STORAGE CENTRES<\/strong><\/h3>\n[\/mk_fancy_title][vc_column_text css=&#8221;.vc_custom_1652940844455{margin-bottom: 0px !important;}&#8221;]\n<p style=\"text-align: center;\">On 19<sup>th<\/sup> May 2022, some unusual works of art appeared on Less Mess Storage\u2019s buildings in Warsaw.<\/p>\n<p style=\"text-align: center;\">The famous Japanese artist, Photographer Hal, has a style which arouses both interest as well as controversy. \u00a0Indeed, he was recently the main feature of a CNN Style article: <a href=\"https:\/\/edition.cnn.com\/style\/article\/photographer-hal-flesh-love\/index.html\">https:\/\/edition.cnn.com\/style\/article\/photographer-hal-flesh-love\/index.html<\/a><\/p>\n[\/vc_column_text][\/vc_column][\/vc_row][vc_row][vc_column width=&#8221;1\/2&#8243;][mk_image src=&#8221;https:\/\/www.lessmess.storage\/wp-content\/uploads\/2022\/07\/home_screen_res_ok-1.jpg&#8221; image_size=&#8221;full&#8221;][\/vc_column][vc_column width=&#8221;1\/2&#8243;][mk_padding_divider][vc_column_text css=&#8221;.vc_custom_1652940933049{margin-bottom: 0px !important;}&#8221;]\n<p style=\"text-align: left;\">So what is all the fuss about?\u00a0 Photographer Hal\u2019s core style is to place people, including naked couples, in a bag and in intimate positions and then suck all the air out to give a vacuum-packed effect.\u00a0 The very creation of each work requires weeks of planning, hours of set up and then only a 10-second window in which to take photographs.\u00a0 The bag then has to be broken quickly to avoid suffocation of the subjects inside.<\/p>\n<p style=\"text-align: left;\">How has Less Mess Storage, a company with a network of self storage centres in Poland and the Czech Republic, come to commission Photographer Hal\u2019s art?\u00a0\u00a0\u00a0 The idea was initiated and driven by the creative agency, Mamapool, whose partners have decades of experience all over the world, and who had previously worked with Photographer Hal on a condom marketing campaign.<\/p>\n<p style=\"text-align: left;\">Being \u201ccrushed by clutter\u201d and \u201csuffocated by stuff\u201d, whether in a home or business context, is a problem and stress in life which everybody can relate to, and for which Less Mess offers an easy solution.\u00a0 Photogrpaher Hal\u2019s art is a way of providing a metaphor for these emotions of stress, and in exciting and colourful images.<\/p>\n<p>&nbsp;<\/p>\n<p>&nbsp;<\/p>\n[\/vc_column_text][\/vc_column][\/vc_row][vc_row][vc_column][mk_fancy_title font_family=&#8221;none&#8221;]\n<h3 style=\"text-align: center;\"><strong>INTERVIEW WITH THE CREATIVE AGENCY MAMAPOOL<\/strong><\/h3>\n[\/mk_fancy_title][\/vc_column][\/vc_row][vc_row][vc_column width=&#8221;1\/2&#8243;][vc_column_text css=&#8221;.vc_custom_1652941154703{margin-bottom: 0px !important;}&#8221;]\n<p style=\"text-align: right;\"><strong>Where did the idea to combine self storage services with the art of Photoghapher Hal come from?<\/strong><\/p>\n<p style=\"text-align: right;\"><strong><em>Tom Pinsent, Partner at Mamapool:<\/em><\/strong> \u00a0<em>We were thinking about how it feels to live in an office or home when it is full of too much stuff. \u00a0We were also talking about the effects of lockdown. In both scenarios you feel trapped, almost suffocated. \u00a0It is dislocating and stressful. \u00a0We felt that Photographer Hal&#8217;s art perfectly captured the emotion of feeling stressed, of feeling crushed by too much stuff. \u00a0Of course this is an emotional problem that Less Mess solves. I worked in Tokyo for many years so was familiar with Hal&#8217;s work.<\/em><\/p>\n<p style=\"text-align: right;\"><strong>How did you meet Hal?<\/strong><\/p>\n<p style=\"text-align: right;\"><strong><em>Tom, Mamapool:<\/em><\/strong><em> When I was Head of Planning for Ogilvy in Japan I became familiar with Hal&#8217;s work. \u00a0We worked with Hal for a condom brand campaign. <\/em><\/p>\n[\/vc_column_text][\/vc_column][vc_column width=&#8221;1\/2&#8243;][mk_image src=&#8221;https:\/\/www.lessmess.storage\/wp-content\/uploads\/2022\/05\/tomjaywebsite.png&#8221; image_size=&#8221;full&#8221;][\/vc_column][\/vc_row][vc_row][vc_column width=&#8221;1\/2&#8243;][vc_column_text css=&#8221;.vc_custom_1652941264442{margin-bottom: 0px !important;}&#8221;]\n<p style=\"text-align: right;\"><strong>How difficult was it to coordinate cooperation with so many different countries involved? <\/strong><\/p>\n<p style=\"text-align: right;\"><strong><em>Tom, Mamapool:<\/em><\/strong><em> \u00a0We are used to working across borders with global clients. \u00a0The biggest problem was the remote shoot in Japan because of the language barrier. \u00a0Our Japanese is non-existent and English is not widely spoken in Japan. \u00a0Co-ordinating a shoot, costs, style etc. is not easy using Googletranslate. \u00a0I think it is safe to say that it contributed to the mess and the stress but Hal is fantastic to work with and his whole team and the models were extremely professional. I think the results speak for themselves.<\/em><\/p>\n<p style=\"text-align: right;\"><strong>Has it been your first time coordinating a project in Japan?<\/strong><\/p>\n<p style=\"text-align: right;\"><strong><em>Tom, Mamapool:<\/em><\/strong><em> I lived and worked in Japan for many years and Hitachi was Mamapool&#8217;s founding client so we have a love of Japanese culture.\u00a0 But we had never done a remote shoot before. \u00a0It simply was not possible to fly to Japan as non-residents, and even residents returning had to spend several weeks in quarantine. \u00a0Similarly, we could not fly Hal to Poland because his wife was having a baby. \u00a0So it was our first remote project with Japan.\u00a0 \u00a0Hopefully we will be able to visit next time. <\/em><\/p>\n[\/vc_column_text][\/vc_column][vc_column width=&#8221;1\/2&#8243;][vc_column_text css=&#8221;.vc_custom_1652941290004{margin-bottom: 0px !important;}&#8221;]\n<p style=\"text-align: left;\"><strong>What was the creative process behind the Less Mess \/ Mamapool project? <\/strong><\/p>\n<p style=\"text-align: left;\"><strong><em>Tom, Mamapool:<\/em><\/strong><em> Very easy. It&#8217;s always great when the CEO is 100% committed to a project, so much so that he wanted to fly to Japan and get in a bag!\u00a0 The whole team at Less Mess dedicated their time to overcome any last minute problems which is fantastic to work with and removes stress from the project. \u00a0Less Mess have a fantastic vision and commitment to doing things differently and better. <\/em><\/p>\n[\/vc_column_text][mk_image src=&#8221;https:\/\/www.lessmess.storage\/wp-content\/uploads\/2022\/05\/airplane_mid_res.jpeg&#8221; image_size=&#8221;full&#8221;][\/vc_column][\/vc_row][vc_row][vc_column][mk_padding_divider][mk_fancy_title font_family=&#8221;none&#8221;]\n<h3 style=\"text-align: center;\"><strong>PHOTOGRAPHER HAL<\/strong><\/h3>\n[\/mk_fancy_title][vc_column_text css=&#8221;.vc_custom_1652941669114{margin-bottom: 0px !important;}&#8221;]\n<p style=\"text-align: center;\">Born and residing in Tokyo (Japan). The leitmotif of his works are love and challenges, most often in his art he presents bathtubs, vapors and vacuum bags &#8211; and more precisely, their combination. His works are known all over the world.<\/p>\n[\/vc_column_text][\/vc_column][\/vc_row][vc_row][vc_column][mk_padding_divider][mk_fancy_title font_family=&#8221;none&#8221;]\n<h3 style=\"text-align: center;\"><strong>INTERVIEW WITH THE CEO OF LESS MESS STORAGE &#8211; GUY PINSENT<\/strong><\/h3>\n[\/mk_fancy_title][\/vc_column][\/vc_row][vc_row][vc_column width=&#8221;1\/2&#8243;][vc_column_text css=&#8221;.vc_custom_1652941814210{margin-bottom: 0px !important;}&#8221;]\n<p style=\"text-align: right;\"><strong>What was your first reaction to the idea of the vacuum-sealed photoshoot?<\/strong><strong>\u00a0<\/strong><\/p>\n<p style=\"text-align: right;\"><strong><em>Guy, Less Mess:<\/em><\/strong><em>\u00a0 I loved the idea.\u00a0 It is original and unusual.\u00a0 With the team we are constantly debating and thinking about our offer and how to connect with our customers, so as to improve continually and be the best, to stand apart from the crowd. \u00a0The idea of commissioning work from a famous Japanese artist and working with the brilliant talent at Mamapool to produce the marketing images and marketing campaign was thrilling.<\/em><\/p>\n<p style=\"text-align: right;\"><strong>Do you believe Polish people are ready for such a controversial and unique campaign?<\/strong><\/p>\n<p style=\"text-align: right;\"><strong><em>Guy, Less Mess:<\/em><\/strong><em>\u00a0 Yes, absolutely.\u00a0 The idea touches on universal human emotions: being under pressure, being stressed, being suffocated \u2013 in a metaphorical way of course &#8211; by too much stuff in the office or at home.<\/em><\/p>\n[\/vc_column_text][\/vc_column][vc_column width=&#8221;1\/2&#8243;][mk_image src=&#8221;https:\/\/www.lessmess.storage\/wp-content\/uploads\/2022\/05\/p4a7064-scaled.jpg&#8221; image_size=&#8221;full&#8221;][\/vc_column][\/vc_row][vc_row][vc_column width=&#8221;1\/2&#8243;][vc_column_text css=&#8221;.vc_custom_1652942040951{margin-bottom: 0px !important;}&#8221;]\n<p style=\"text-align: right;\"><strong>What are your feelings and thoughts about the campaign?<\/strong><\/p>\n<p style=\"text-align: right;\"><strong><em>Guy, Less Mess:<\/em><\/strong><em>\u00a0 We of course hope this will generate interest in Less Mess Storage and improve our brand awareness.\u00a0 At the very least, people can enjoy the images for their artistic quality and quirkiness.\u00a0 Working with brilliant people on this fun marketing campaign is a source of personal joy and satisfaction.\u00a0\u00a0\u00a0\u00a0 <\/em><\/p>\n<p style=\"text-align: right;\"><strong>Has the thought about the campaign being too controversial for Polish standards ever crossed your mind?<\/strong><\/p>\n<p style=\"text-align: right;\"><strong><em>Guy, Less Mess:<\/em><\/strong><em>\u00a0 Yes, we did research all Polish banner campaigns that had been banned over the last decade.\u00a0 We discovered some pretty unpleasant material which was rightly taken down.\u00a0 We do not believe this Less Mess campaign could cause such a negative reaction.<\/em><\/p>\n[\/vc_column_text][\/vc_column][vc_column width=&#8221;1\/2&#8243;][mk_image src=&#8221;https:\/\/www.lessmess.storage\/wp-content\/uploads\/2022\/05\/img_3208-scaled.jpg&#8221; image_size=&#8221;full&#8221;][\/vc_column][\/vc_row][vc_row][vc_column][mk_padding_divider][mk_fancy_title font_family=&#8221;none&#8221;]\n<h3 style=\"text-align: center;\"><strong>INTERVIEW WITH THE MODELS \u2013 ROBERT MCGUINNESS AND ASA KUBIAK<\/strong><\/h3>\n[\/mk_fancy_title][\/vc_column][\/vc_row][vc_row][vc_column width=&#8221;1\/2&#8243;][mk_image src=&#8221;https:\/\/www.lessmess.storage\/wp-content\/uploads\/2022\/07\/office_screen_res_ok-1.jpg&#8221; image_size=&#8221;full&#8221;][\/vc_column][vc_column width=&#8221;1\/2&#8243;][vc_column_text css=&#8221;.vc_custom_1652942241029{margin-bottom: 0px !important;}&#8221;]<strong>What does it feel like to be trapped in a vacuum bag?<\/strong><\/p>\n<p><strong><em>Robert, Model:<\/em><\/strong><em>\u00a0 At first, the idea of being vacuum-sealed inside a plastic bag seemed exciting, but also very confronting and potentially dangerous. \u00a0I was fearful for my safety and the safety of Asa. \u00a0I knew Hal&#8217;s work from the Internet, and I figured it was a once in a lifetime opportunity that I didn&#8217;t want to miss, and maybe a good chance to confront my fears.<\/em><\/p>\n<p><em>When I was inside the bag, it was strange how my fear dissipated. \u00a0I felt safe, and strangely comforted by the intimacy of it. \u00a0I also felt connected to Asa and Hal in a unique way, and to the team who put so much effort into making these images. An extraordinary amount of time, planning and execution goes into these photos, they are meticulously crafted.<\/em><\/p>\n<p><em>The hardest part of the shoot was staying in position for such a long time. \u00a0It pushed me physically in ways I hadn\u2019t expected, and I experienced much discomfort, to the point that exiting the bag was very difficult because my muscles didn\u2019t function properly from holding the same position for such an extended period.<\/em>[\/vc_column_text][\/vc_column][\/vc_row][vc_row][vc_column][vc_column_text css=&#8221;.vc_custom_1652942403836{margin-bottom: 0px !important;}&#8221;]\n<p style=\"text-align: left;\"><em>The synchronicity of life is sometimes mysterious. \u00a0This project happened at a time in my life when I was feeling like I was drowning in my possessions after moving house. \u00a0Also, my brother is a hoarder and was forced to sleep in his car in the driveway of his 3-bedroom house, because his house, yard, double garage and carport were full of his belongings. \u00a0I was helping him with his issue at that time. <\/em><\/p>\n<p style=\"text-align: left;\"><em>Participating in the shoot was one of the most interesting and unique experiences of my life. \u00a0I am very proud to be part of this extraordinary campaign, and offer my gratitude to the team for making it happen. <\/em><\/p>\n<p style=\"text-align: left;\"><strong><em>Asa, Model:<\/em><\/strong><em> \u00a0Getting to work with Photographer Hal and the amazing team for Less Mess\u2019 upcoming campaign was indeed a once in a lifetime sort of experience. <\/em><em>I got introduced to the project by Robert McGuiness and when he shared what the gig entailed I was quite terrified and intrigued simultaneously. <\/em><em>Prior to the shoot, I had a wonderful chat with Hal on zoom and had seen his work and I knew I would be in very good hands, yet as day 1 of the shoot approached, my excitement, nervousness and curiosity continued to rise.<\/em><\/p>\n<p style=\"text-align: left;\"><em>For the first shot, it required me to be in the bag alone &#8211; surrounded by lots of high-heels.<\/em><em> \u00a0<\/em><em>As I crawled in and situated myself, Hal and the team made sure I felt as comfortable as possible in this unfamiliar and not so comfortable setting. <\/em><em>As they prepared the props around me to perfect the look, I practised mindful breathing and continued to calm myself as much as I could.\u00a0 <\/em><em>As they sealed the bag and began to suck the air out with a big vacuum I started to feel myself tensing up. I had to remind myself to stay calm and keep my awareness on my breathing as they instructed me to. <\/em><\/p>\n<p style=\"text-align: left;\"><em>Just before the bag clung to me, I had to take my last breath and hold it for 10 seconds. Those moments of the vacuum whirring and leading up to and during my first breath-hold were the most terrifying.\u00a0 <\/em><em>However, once the photo was taken and Hal ripped open the bag, the pure sense of relief I felt was exhilarating. \u00a0I also felt a sense of accomplishment of having faced a fear of mine, of being slightly claustrophobic.<\/em><\/p>\n<p style=\"text-align: left;\"><em>After I had made it through that first shot, the rest of the time being vacuum-sealed in the bag became more of mindfulness practice to overcome and be able to lay there with the discomfort I felt in my body due to the long holds of not so comfortable positions &#8211; as we were being smothered with so much stuff!<\/em><em>\u00a0<\/em><\/p>\n<p style=\"text-align: left;\"><em>All in all, it was a very exciting, unique and fun experience with a truly great team that I am deeply grateful for. <\/em><em>Wishing all the best to Less Mess and all their new and old users in Poland!<\/em><\/p>\n[\/vc_column_text][\/vc_column][\/vc_row][vc_row][vc_column][mk_padding_divider][vc_column_text css=&#8221;.vc_custom_1652942514348{margin-bottom: 0px !important;}&#8221;]\n<p style=\"text-align: center;\">More of Hala&#8217;s art can be admired on the photographer&#8217;s website: <a href=\"http:\/\/www.photographerhal.com\">www.photographerhal.com<\/a><\/p>\n<p style=\"text-align: center;\">Media contact: <a href=\"mailto:marketing@lessmess.storage\">marketing@lessmess.storage<\/a><\/p>\n[\/vc_column_text][mk_padding_divider][\/vc_column][\/vc_row][vc_row][vc_column][mk_fancy_title font_family=&#8221;none&#8221;]\n<h3 class=\"tw-data-text tw-text-large tw-ta\" dir=\"ltr\" style=\"text-align: center;\" data-placeholder=\"T\u0142umaczenie\"><span class=\"Y2IQFc\" lang=\"en\">ARE YOU LOOKING FOR SPACE?<br \/>\n<\/span><\/h3>\n<h3 id=\"tw-target-text\" class=\"tw-data-text tw-text-large tw-ta\" dir=\"ltr\" style=\"text-align: center;\" data-placeholder=\"T\u0142umaczenie\"><span class=\"Y2IQFc\" lang=\"en\">FILL OUT THE FORM, WE WILL CONTACT YOU.<\/span><\/h3>\n[\/mk_fancy_title][vc_raw_js]JTNDc2NyaXB0JTIwdHlwZSUzRCUyMnRleHQlMkZqYXZhc2NyaXB0JTIyJTIwc3JjJTNEJTIyJTJGJTJGbXRjLmxlc3NtZXNzLnN0b3JhZ2UlMkZmb3JtJTJGZ2VuZXJhdGUuanMlM0ZpZCUzRDY2JTIyJTNFJTNDJTJGc2NyaXB0JTNF[\/vc_raw_js][mk_padding_divider][mk_padding_divider][mk_fancy_title font_family=&#8221;none&#8221;]\n<h1 style=\"text-align: center;\">Less Mess, Less Stress\u2122<\/h1>\n[\/mk_fancy_title][\/vc_column][\/vc_row]\n<\/div>","protected":false},"excerpt":{"rendered":"<p>[vc_row][vc_column][mk_image src=&#8221;https:\/\/www.lessmess.storage\/wp-content\/uploads\/2022\/07\/web-photang.jpg&#8221; image_size=&#8221;full&#8221;][mk_padding_divider][mk_fancy_title font_family=&#8221;none&#8221;] JAPANESE WORKS OF ART IN XXXL FORMAT ON LESS MESS STORAGE CENTRES [\/mk_fancy_title][vc_column_text css=&#8221;.vc_custom_1652940844455{margin-bottom: 0px !important;}&#8221;] On 19th May 2022, some unusual works of art appeared on Less Mess Storage\u2019s buildings in Warsaw. The famous Japanese artist, Photographer Hal, has a style which arouses both interest as well as controversy. \u00a0Indeed, [&hellip;]<\/p>\n","protected":false},"author":7,"featured_media":0,"parent":0,"menu_order":0,"comment_status":"closed","ping_status":"closed","template":"","meta":{"footnotes":""},"class_list":["post-7934","page","type-page","status-publish","hentry"],"yoast_head":"<!-- This site is optimized with the Yoast SEO plugin v24.8.1 - https:\/\/yoast.com\/wordpress\/plugins\/seo\/ -->\n<title>Crushed by clutter? Less Mess, Less Stress\u2122 - Less Mess Storage - Hotel dla Twoich rzeczy!<\/title>\n<meta name=\"robots\" content=\"index, follow, max-snippet:-1, max-image-preview:large, max-video-preview:-1\" \/>\n<link rel=\"canonical\" href=\"https:\/\/www.lessmess.storage\/en\/crushed-by-clutter-less-mess-less-stress\/\" \/>\n<meta property=\"og:locale\" content=\"en_US\" \/>\n<meta property=\"og:type\" content=\"article\" \/>\n<meta property=\"og:title\" content=\"Crushed by clutter? Less Mess, Less Stress\u2122 - Less Mess Storage - Hotel dla Twoich rzeczy!\" \/>\n<meta property=\"og:description\" content=\"[vc_row][vc_column][mk_image src=&#8221;https:\/\/www.lessmess.storage\/wp-content\/uploads\/2022\/07\/web-photang.jpg&#8221; image_size=&#8221;full&#8221;][mk_padding_divider][mk_fancy_title font_family=&#8221;none&#8221;] JAPANESE WORKS OF ART IN XXXL FORMAT ON LESS MESS STORAGE CENTRES [\/mk_fancy_title][vc_column_text css=&#8221;.vc_custom_1652940844455{margin-bottom: 0px !important;}&#8221;] On 19th May 2022, some unusual works of art appeared on Less Mess Storage\u2019s buildings in Warsaw. The famous Japanese artist, Photographer Hal, has a style which arouses both interest as well as controversy. \u00a0Indeed, [&hellip;]\" \/>\n<meta property=\"og:url\" content=\"https:\/\/www.lessmess.storage\/en\/crushed-by-clutter-less-mess-less-stress\/\" \/>\n<meta property=\"og:site_name\" content=\"Less Mess Storage - Hotel dla Twoich rzeczy!\" \/>\n<meta property=\"article:modified_time\" content=\"2022-07-29T06:52:46+00:00\" \/>\n<meta name=\"twitter:card\" content=\"summary_large_image\" \/>\n<meta name=\"twitter:label1\" content=\"Est. reading time\" \/>\n\t<meta name=\"twitter:data1\" content=\"8 minutes\" \/>\n<script type=\"application\/ld+json\" class=\"yoast-schema-graph\">{\"@context\":\"https:\/\/schema.org\",\"@graph\":[{\"@type\":\"WebPage\",\"@id\":\"https:\/\/www.lessmess.storage\/en\/crushed-by-clutter-less-mess-less-stress\/\",\"url\":\"https:\/\/www.lessmess.storage\/en\/crushed-by-clutter-less-mess-less-stress\/\",\"name\":\"Crushed by clutter? Less Mess, Less Stress\u2122 - Less Mess Storage - Hotel dla Twoich rzeczy!\",\"isPartOf\":{\"@id\":\"https:\/\/www.lessmess.storage\/#website\"},\"datePublished\":\"2022-05-19T06:22:01+00:00\",\"dateModified\":\"2022-07-29T06:52:46+00:00\",\"breadcrumb\":{\"@id\":\"https:\/\/www.lessmess.storage\/en\/crushed-by-clutter-less-mess-less-stress\/#breadcrumb\"},\"inLanguage\":\"en-US\",\"potentialAction\":[{\"@type\":\"ReadAction\",\"target\":[\"https:\/\/www.lessmess.storage\/en\/crushed-by-clutter-less-mess-less-stress\/\"]}]},{\"@type\":\"BreadcrumbList\",\"@id\":\"https:\/\/www.lessmess.storage\/en\/crushed-by-clutter-less-mess-less-stress\/#breadcrumb\",\"itemListElement\":[{\"@type\":\"ListItem\",\"position\":1,\"name\":\"Strona g\u0142\u00f3wna\",\"item\":\"https:\/\/www.lessmess.storage\/en\/\"},{\"@type\":\"ListItem\",\"position\":2,\"name\":\"Crushed by clutter? Less Mess, Less Stress\u2122\"}]},{\"@type\":\"WebSite\",\"@id\":\"https:\/\/www.lessmess.storage\/#website\",\"url\":\"https:\/\/www.lessmess.storage\/\",\"name\":\"Less Mess Storage - Hotel dla Twoich rzeczy!\",\"description\":\"Self Storage, mini magazyny samoobs\u0142ugowe do wynaj\u0119cia Warszawa, Krak\u00f3w, Wroc\u0142aw, Pozna\u0144.\",\"potentialAction\":[{\"@type\":\"SearchAction\",\"target\":{\"@type\":\"EntryPoint\",\"urlTemplate\":\"https:\/\/www.lessmess.storage\/?s={search_term_string}\"},\"query-input\":{\"@type\":\"PropertyValueSpecification\",\"valueRequired\":true,\"valueName\":\"search_term_string\"}}],\"inLanguage\":\"en-US\"}]}<\/script>\n<!-- \/ Yoast SEO plugin. -->","yoast_head_json":{"title":"Crushed by clutter? Less Mess, Less Stress\u2122 - Less Mess Storage - Hotel dla Twoich rzeczy!","robots":{"index":"index","follow":"follow","max-snippet":"max-snippet:-1","max-image-preview":"max-image-preview:large","max-video-preview":"max-video-preview:-1"},"canonical":"https:\/\/www.lessmess.storage\/en\/crushed-by-clutter-less-mess-less-stress\/","og_locale":"en_US","og_type":"article","og_title":"Crushed by clutter? Less Mess, Less Stress\u2122 - Less Mess Storage - Hotel dla Twoich rzeczy!","og_description":"[vc_row][vc_column][mk_image src=&#8221;https:\/\/www.lessmess.storage\/wp-content\/uploads\/2022\/07\/web-photang.jpg&#8221; image_size=&#8221;full&#8221;][mk_padding_divider][mk_fancy_title font_family=&#8221;none&#8221;] JAPANESE WORKS OF ART IN XXXL FORMAT ON LESS MESS STORAGE CENTRES [\/mk_fancy_title][vc_column_text css=&#8221;.vc_custom_1652940844455{margin-bottom: 0px !important;}&#8221;] On 19th May 2022, some unusual works of art appeared on Less Mess Storage\u2019s buildings in Warsaw. The famous Japanese artist, Photographer Hal, has a style which arouses both interest as well as controversy. \u00a0Indeed, [&hellip;]","og_url":"https:\/\/www.lessmess.storage\/en\/crushed-by-clutter-less-mess-less-stress\/","og_site_name":"Less Mess Storage - Hotel dla Twoich rzeczy!","article_modified_time":"2022-07-29T06:52:46+00:00","twitter_card":"summary_large_image","twitter_misc":{"Est. reading time":"8 minutes"},"schema":{"@context":"https:\/\/schema.org","@graph":[{"@type":"WebPage","@id":"https:\/\/www.lessmess.storage\/en\/crushed-by-clutter-less-mess-less-stress\/","url":"https:\/\/www.lessmess.storage\/en\/crushed-by-clutter-less-mess-less-stress\/","name":"Crushed by clutter? Less Mess, Less Stress\u2122 - Less Mess Storage - Hotel dla Twoich rzeczy!","isPartOf":{"@id":"https:\/\/www.lessmess.storage\/#website"},"datePublished":"2022-05-19T06:22:01+00:00","dateModified":"2022-07-29T06:52:46+00:00","breadcrumb":{"@id":"https:\/\/www.lessmess.storage\/en\/crushed-by-clutter-less-mess-less-stress\/#breadcrumb"},"inLanguage":"en-US","potentialAction":[{"@type":"ReadAction","target":["https:\/\/www.lessmess.storage\/en\/crushed-by-clutter-less-mess-less-stress\/"]}]},{"@type":"BreadcrumbList","@id":"https:\/\/www.lessmess.storage\/en\/crushed-by-clutter-less-mess-less-stress\/#breadcrumb","itemListElement":[{"@type":"ListItem","position":1,"name":"Strona g\u0142\u00f3wna","item":"https:\/\/www.lessmess.storage\/en\/"},{"@type":"ListItem","position":2,"name":"Crushed by clutter? Less Mess, Less Stress\u2122"}]},{"@type":"WebSite","@id":"https:\/\/www.lessmess.storage\/#website","url":"https:\/\/www.lessmess.storage\/","name":"Less Mess Storage - Hotel dla Twoich rzeczy!","description":"Self Storage, mini magazyny samoobs\u0142ugowe do wynaj\u0119cia Warszawa, Krak\u00f3w, Wroc\u0142aw, Pozna\u0144.","potentialAction":[{"@type":"SearchAction","target":{"@type":"EntryPoint","urlTemplate":"https:\/\/www.lessmess.storage\/?s={search_term_string}"},"query-input":{"@type":"PropertyValueSpecification","valueRequired":true,"valueName":"search_term_string"}}],"inLanguage":"en-US"}]}},"_links":{"self":[{"href":"https:\/\/www.lessmess.storage\/en\/wp-json\/wp\/v2\/pages\/7934","targetHints":{"allow":["GET"]}}],"collection":[{"href":"https:\/\/www.lessmess.storage\/en\/wp-json\/wp\/v2\/pages"}],"about":[{"href":"https:\/\/www.lessmess.storage\/en\/wp-json\/wp\/v2\/types\/page"}],"author":[{"embeddable":true,"href":"https:\/\/www.lessmess.storage\/en\/wp-json\/wp\/v2\/users\/7"}],"replies":[{"embeddable":true,"href":"https:\/\/www.lessmess.storage\/en\/wp-json\/wp\/v2\/comments?post=7934"}],"version-history":[{"count":10,"href":"https:\/\/www.lessmess.storage\/en\/wp-json\/wp\/v2\/pages\/7934\/revisions"}],"predecessor-version":[{"id":8344,"href":"https:\/\/www.lessmess.storage\/en\/wp-json\/wp\/v2\/pages\/7934\/revisions\/8344"}],"wp:attachment":[{"href":"https:\/\/www.lessmess.storage\/en\/wp-json\/wp\/v2\/media?parent=7934"}],"curies":[{"name":"wp","href":"https:\/\/api.w.org\/{rel}","templated":true}]}}